{"id":19320,"date":"2023-10-26T16:08:21","date_gmt":"2023-10-26T14:08:21","guid":{"rendered":"https:\/\/fvo.si\/?page_id=19320"},"modified":"2023-10-26T16:08:21","modified_gmt":"2023-10-26T14:08:21","slug":"zaposlitvene-moznosti-podiplomski","status":"publish","type":"page","link":"https:\/\/fvo.si\/en\/zaposlitvene-moznosti-podiplomski\/","title":{"rendered":"Zaposlitvene mo\u017enosti &#8211; podiplomski"},"content":{"rendered":"\t\t<div data-elementor-type=\"wp-page\" data-elementor-id=\"19320\" class=\"elementor elementor-19320\" data-elementor-post-type=\"page\">\n\t\t\t\t\t\t<section class=\"elementor-section elementor-top-section elementor-element elementor-element-790b1e3f elementor-section-stretched elementor-section-boxed elementor-section-height-default elementor-section-height-default\" data-id=\"790b1e3f\" data-element_type=\"section\" data-e-type=\"section\" data-settings=\"{&quot;stretch_section&quot;:&quot;section-stretched&quot;}\">\n\t\t\t\t\t\t<div class=\"elementor-container elementor-column-gap-custom\">\n\t\t\t\t\t<div class=\"elementor-column elementor-col-50 elementor-top-column elementor-element elementor-element-5c25dd31\" data-id=\"5c25dd31\" data-element_type=\"column\" data-e-type=\"column\">\n\t\t\t<div class=\"elementor-widget-wrap elementor-element-populated\">\n\t\t\t\t\t\t<div class=\"elementor-element elementor-element-b7a8bc7 elementor-widget__width-initial elementor-widget thim-ekits-heading elementor-widget-thim-heading\" data-id=\"b7a8bc7\" data-element_type=\"widget\" data-e-type=\"widget\" data-widget_type=\"thim-heading.default\">\n\t\t\t\t<div class=\"elementor-widget-container\">\n\t\t\t\t\t<div class=\"sc_heading\"><h3 class=\"title\">Zaposlitvene mo\u017enosti diplomantov  <\/h3><\/div>\t\t\t\t<\/div>\n\t\t\t\t<\/div>\n\t\t\t\t<div class=\"elementor-element elementor-element-ccefd8f elementor-widget elementor-widget-text-editor\" data-id=\"ccefd8f\" data-element_type=\"widget\" data-e-type=\"widget\" data-widget_type=\"text-editor.default\">\n\t\t\t\t<div class=\"elementor-widget-container\">\n\t\t\t\t\t\t\t\t\t<p><strong>GOSPODARSKE DRU\u017dBE<\/strong> <\/p><ul><li>podjetja, ki po zakonu potrebujejo okoljevarstveno dovoljenje <\/li><li>razvijalci okolju prijaznih izdelkov, storitev ali tehnologij, ki \u017eelijo pove\u010dati dru\u017ebeno odgovornost svojega delovanja (ISO 14001, EMAS, okoljski znak &#8230;) <\/li><li>podjetja, ki morajo smotrno ravnati z nevarnimi snovmi in odpadki <\/li><li>dru\u017ebe za ravnanje z odpadki (zbiranje, obdelava, predelava, odstranjevanje \u2026) <\/li><li>podjetja za razvoj in proizvodnjo opreme za ravnanje z odpadki <\/li><li>izvajalci okoljskega monitoringa (vode, zrak, hrup, tla \u2026) <\/li><li>izdelovalci okoljske dokumentacije za prostorske in druge na\u010drte, posege z vplivi na okolje, posege na varovana obmo\u010dja <\/li><li>gozdarska podjetja <\/li><li>izvajalci sanacij degradiranih obmo\u010dij in protipoplavnih ukrepov <\/li><li>podjetja trajnostnega turizma <\/li><li>izvajalci energetskih obnov <\/li><li>kmetije<\/li><\/ul><p><br \/><strong>JAVNE USTANOVE <\/strong><\/p><ul><li>komunalna podjetja (centralne \u010distilne naprave, manj\u0161e \u010distilne naprave, pitna voda\u2026) <\/li><li>upravne in nadzorne slu\u017ebe za varstvo okolja ter urejanje prostora <\/li><li>okoljske enote izobra\u017eevalnih in raziskovalnih institucij <\/li><li>zavarovana obmo\u010dja, parki, rezervati <\/li><li>urbanisti\u010dni zavodi<\/li><li>lovske in ribi\u0161ke organizacije <\/li><li>nevladne okoljske organizacij<\/li><\/ul>\t\t\t\t\t\t\t\t<\/div>\n\t\t\t\t<\/div>\n\t\t\t\t<div class=\"elementor-element elementor-element-548df18 elementor-widget-divider--view-line elementor-widget elementor-widget-divider\" data-id=\"548df18\" data-element_type=\"widget\" data-e-type=\"widget\" data-widget_type=\"divider.default\">\n\t\t\t\t<div class=\"elementor-widget-container\">\n\t\t\t\t\t\t\t<div class=\"elementor-divider\">\n\t\t\t<span class=\"elementor-divider-separator\">\n\t\t\t\t\t\t<\/span>\n\t\t<\/div>\n\t\t\t\t\t\t<\/div>\n\t\t\t\t<\/div>\n\t\t\t\t\t<\/div>\n\t\t<\/div>\n\t\t\t\t<div class=\"elementor-column elementor-col-50 elementor-top-column elementor-element elementor-element-2d442784 elementor-invisible\" data-id=\"2d442784\" data-element_type=\"column\" data-e-type=\"column\" data-settings=\"{&quot;animation&quot;:&quot;fadeIn&quot;}\">\n\t\t\t<div class=\"elementor-widget-wrap elementor-element-populated\">\n\t\t\t\t\t\t<div class=\"elementor-element elementor-element-b880fcd elementor-nav-menu--stretch mymenu elementor-hidden-mobile elementor-nav-menu--dropdown-tablet elementor-nav-menu__text-align-aside elementor-nav-menu--toggle elementor-nav-menu--burger elementor-invisible elementor-widget elementor-widget-global elementor-global-14635 elementor-widget-nav-menu\" data-id=\"b880fcd\" data-element_type=\"widget\" data-e-type=\"widget\" data-settings=\"{&quot;layout&quot;:&quot;vertical&quot;,&quot;full_width&quot;:&quot;stretch&quot;,&quot;toggle_icon_hover_animation&quot;:&quot;pulse&quot;,&quot;_animation&quot;:&quot;fadeIn&quot;,&quot;sticky&quot;:&quot;top&quot;,&quot;sticky_parent&quot;:&quot;yes&quot;,&quot;submenu_icon&quot;:{&quot;value&quot;:&quot;fas fa-caret-down&quot;,&quot;library&quot;:&quot;fa-solid&quot;},&quot;toggle&quot;:&quot;burger&quot;,&quot;sticky_on&quot;:[&quot;desktop&quot;,&quot;tablet&quot;,&quot;mobile&quot;],&quot;sticky_offset&quot;:0,&quot;sticky_effects_offset&quot;:0,&quot;sticky_anchor_link_offset&quot;:0}\" data-widget_type=\"nav-menu.default\">\n\t\t\t\t<div class=\"elementor-widget-container\">\n\t\t\t\t\t\t\t\t<nav aria-label=\"Menu\" class=\"elementor-nav-menu--main elementor-nav-menu__container elementor-nav-menu--layout-vertical e--pointer-none\">\n\t\t\t\t<ul id=\"menu-1-b880fcd\" class=\"elementor-nav-menu sm-vertical\"><li class=\"menu-item menu-item-type-post_type menu-item-object-page menu-item-19238\"><a href=\"https:\/\/fvo.si\/en\/dodiplomski-studij\/\" class=\"elementor-item\">Undergraduate Study<\/a><\/li>\n<li class=\"menu-item menu-item-type-post_type menu-item-object-page menu-item-19489\"><a href=\"https:\/\/fvo.si\/en\/why-choose-us\/\" class=\"elementor-item\">Why choose us?<\/a><\/li>\n<li class=\"menu-item menu-item-type-post_type menu-item-object-page menu-item-19239\"><a href=\"https:\/\/fvo.si\/en\/postgraduate-studies\/\" class=\"elementor-item\">Postgraduate studies<\/a><\/li>\n<li class=\"menu-item menu-item-type-post_type menu-item-object-page menu-item-19492\"><a href=\"https:\/\/fvo.si\/en\/employment-opportunities\/\" class=\"elementor-item\">Employment opportunities<\/a><\/li>\n<\/ul>\t\t\t<\/nav>\n\t\t\t\t\t<div class=\"elementor-menu-toggle\" role=\"button\" tabindex=\"0\" aria-label=\"Menu Toggle\" aria-expanded=\"false\">\n\t\t\t<i aria-hidden=\"true\" role=\"presentation\" class=\"elementor-menu-toggle__icon--open elementor-animation-pulse eicon-menu-bar\"><\/i><i aria-hidden=\"true\" role=\"presentation\" class=\"elementor-menu-toggle__icon--close elementor-animation-pulse fas fa-angle-right\"><\/i>\t\t<\/div>\n\t\t\t\t\t<nav class=\"elementor-nav-menu--dropdown elementor-nav-menu__container\" aria-hidden=\"true\">\n\t\t\t\t<ul id=\"menu-2-b880fcd\" class=\"elementor-nav-menu sm-vertical\"><li class=\"menu-item menu-item-type-post_type menu-item-object-page menu-item-19238\"><a href=\"https:\/\/fvo.si\/en\/dodiplomski-studij\/\" class=\"elementor-item\" tabindex=\"-1\">Undergraduate Study<\/a><\/li>\n<li class=\"menu-item menu-item-type-post_type menu-item-object-page menu-item-19489\"><a href=\"https:\/\/fvo.si\/en\/why-choose-us\/\" class=\"elementor-item\" tabindex=\"-1\">Why choose us?<\/a><\/li>\n<li class=\"menu-item menu-item-type-post_type menu-item-object-page menu-item-19239\"><a href=\"https:\/\/fvo.si\/en\/postgraduate-studies\/\" class=\"elementor-item\" tabindex=\"-1\">Postgraduate studies<\/a><\/li>\n<li class=\"menu-item menu-item-type-post_type menu-item-object-page menu-item-19492\"><a href=\"https:\/\/fvo.si\/en\/employment-opportunities\/\" class=\"elementor-item\" tabindex=\"-1\">Employment opportunities<\/a><\/li>\n<\/ul>\t\t\t<\/nav>\n\t\t\t\t\t\t<\/div>\n\t\t\t\t<\/div>\n\t\t\t\t\t<\/div>\n\t\t<\/div>\n\t\t\t\t\t<\/div>\n\t\t<\/section>\n\t\t\t\t<\/div>\n\t\t","protected":false},"excerpt":{"rendered":"<p>Zaposlitvene mo\u017enosti diplomantov GOSPODARSKE DRU\u017dBE podjetja, ki po zakonu potrebujejo okoljevarstveno dovoljenje razvijalci okolju prijaznih izdelkov, storitev ali tehnologij, ki \u017eelijo pove\u010dati dru\u017ebeno odgovornost svojega delovanja (ISO 14001, EMAS, okoljski znak &#8230;) podjetja, ki morajo smotrno ravnati z nevarnimi snovmi &hellip; <\/p>\n","protected":false},"author":1,"featured_media":0,"parent":0,"menu_order":0,"comment_status":"closed","ping_status":"closed","template":"","meta":{"cybocfi_hide_featured_image":"","footnotes":""},"class_list":["post-19320","page","type-page","status-publish","hentry"],"yoast_head":"<!-- This site is optimized with the Yoast SEO plugin v27.3 - https:\/\/yoast.com\/product\/yoast-seo-wordpress\/ -->\n<title>Zaposlitvene mo\u017enosti - podiplomski - FVO<\/title>\n<meta name=\"robots\" content=\"index, follow, max-snippet:-1, max-image-preview:large, max-video-preview:-1\" \/>\n<link rel=\"canonical\" href=\"https:\/\/fvo.si\/en\/zaposlitvene-moznosti-podiplomski\/\" \/>\n<meta property=\"og:locale\" content=\"en_US\" \/>\n<meta property=\"og:type\" content=\"article\" \/>\n<meta property=\"og:title\" content=\"Zaposlitvene mo\u017enosti - podiplomski - FVO\" \/>\n<meta property=\"og:description\" content=\"Zaposlitvene mo\u017enosti diplomantov GOSPODARSKE DRU\u017dBE podjetja, ki po zakonu potrebujejo okoljevarstveno dovoljenje razvijalci okolju prijaznih izdelkov, storitev ali tehnologij, ki \u017eelijo pove\u010dati dru\u017ebeno odgovornost svojega delovanja (ISO 14001, EMAS, okoljski znak &#8230;) podjetja, ki morajo smotrno ravnati z nevarnimi snovmi &hellip;\" \/>\n<meta property=\"og:url\" content=\"https:\/\/fvo.si\/en\/zaposlitvene-moznosti-podiplomski\/\" \/>\n<meta property=\"og:site_name\" content=\"FVO\" \/>\n<meta property=\"article:publisher\" content=\"https:\/\/www.facebook.com\/fakulteta.za.varstvo.okolja\/\" \/>\n<meta name=\"twitter:card\" content=\"summary_large_image\" \/>\n<meta name=\"twitter:label1\" content=\"Est. reading time\" \/>\n\t<meta name=\"twitter:data1\" content=\"1 minute\" \/>\n<script type=\"application\/ld+json\" class=\"yoast-schema-graph\">{\"@context\":\"https:\\\/\\\/schema.org\",\"@graph\":[{\"@type\":\"WebPage\",\"@id\":\"https:\\\/\\\/fvo.si\\\/en\\\/zaposlitvene-moznosti-podiplomski\\\/\",\"url\":\"https:\\\/\\\/fvo.si\\\/en\\\/zaposlitvene-moznosti-podiplomski\\\/\",\"name\":\"Zaposlitvene mo\u017enosti - podiplomski - FVO\",\"isPartOf\":{\"@id\":\"https:\\\/\\\/fvo.si\\\/en\\\/#website\"},\"datePublished\":\"2023-10-26T14:08:21+00:00\",\"breadcrumb\":{\"@id\":\"https:\\\/\\\/fvo.si\\\/en\\\/zaposlitvene-moznosti-podiplomski\\\/#breadcrumb\"},\"inLanguage\":\"en-US\",\"potentialAction\":[{\"@type\":\"ReadAction\",\"target\":[\"https:\\\/\\\/fvo.si\\\/en\\\/zaposlitvene-moznosti-podiplomski\\\/\"]}]},{\"@type\":\"BreadcrumbList\",\"@id\":\"https:\\\/\\\/fvo.si\\\/en\\\/zaposlitvene-moznosti-podiplomski\\\/#breadcrumb\",\"itemListElement\":[{\"@type\":\"ListItem\",\"position\":1,\"name\":\"Home\",\"item\":\"https:\\\/\\\/fvo.si\\\/en\\\/\"},{\"@type\":\"ListItem\",\"position\":2,\"name\":\"Zaposlitvene mo\u017enosti &#8211; podiplomski\"}]},{\"@type\":\"WebSite\",\"@id\":\"https:\\\/\\\/fvo.si\\\/en\\\/#website\",\"url\":\"https:\\\/\\\/fvo.si\\\/en\\\/\",\"name\":\"FVO\",\"description\":\"Fakulteta za varstvo okolja Velenje\",\"publisher\":{\"@id\":\"https:\\\/\\\/fvo.si\\\/en\\\/#organization\"},\"potentialAction\":[{\"@type\":\"SearchAction\",\"target\":{\"@type\":\"EntryPoint\",\"urlTemplate\":\"https:\\\/\\\/fvo.si\\\/en\\\/?s={search_term_string}\"},\"query-input\":{\"@type\":\"PropertyValueSpecification\",\"valueRequired\":true,\"valueName\":\"search_term_string\"}}],\"inLanguage\":\"en-US\"},{\"@type\":\"Organization\",\"@id\":\"https:\\\/\\\/fvo.si\\\/en\\\/#organization\",\"name\":\"FVO\",\"url\":\"https:\\\/\\\/fvo.si\\\/en\\\/\",\"logo\":{\"@type\":\"ImageObject\",\"inLanguage\":\"en-US\",\"@id\":\"https:\\\/\\\/fvo.si\\\/en\\\/#\\\/schema\\\/logo\\\/image\\\/\",\"url\":\"https:\\\/\\\/fvo.si\\\/wp-content\\\/uploads\\\/2023\\\/06\\\/FVO_logo_sticky.svg\",\"contentUrl\":\"https:\\\/\\\/fvo.si\\\/wp-content\\\/uploads\\\/2023\\\/06\\\/FVO_logo_sticky.svg\",\"width\":240,\"height\":114,\"caption\":\"FVO\"},\"image\":{\"@id\":\"https:\\\/\\\/fvo.si\\\/en\\\/#\\\/schema\\\/logo\\\/image\\\/\"},\"sameAs\":[\"https:\\\/\\\/www.facebook.com\\\/fakulteta.za.varstvo.okolja\\\/\",\"https:\\\/\\\/www.instagram.com\\\/fakulteta.za.varstvo.okolja\\\/\"]}]}<\/script>\n<!-- \/ Yoast SEO plugin. -->","yoast_head_json":{"title":"Zaposlitvene mo\u017enosti - podiplomski - FVO","robots":{"index":"index","follow":"follow","max-snippet":"max-snippet:-1","max-image-preview":"max-image-preview:large","max-video-preview":"max-video-preview:-1"},"canonical":"https:\/\/fvo.si\/en\/zaposlitvene-moznosti-podiplomski\/","og_locale":"en_US","og_type":"article","og_title":"Zaposlitvene mo\u017enosti - podiplomski - FVO","og_description":"Zaposlitvene mo\u017enosti diplomantov GOSPODARSKE DRU\u017dBE podjetja, ki po zakonu potrebujejo okoljevarstveno dovoljenje razvijalci okolju prijaznih izdelkov, storitev ali tehnologij, ki \u017eelijo pove\u010dati dru\u017ebeno odgovornost svojega delovanja (ISO 14001, EMAS, okoljski znak &#8230;) podjetja, ki morajo smotrno ravnati z nevarnimi snovmi &hellip;","og_url":"https:\/\/fvo.si\/en\/zaposlitvene-moznosti-podiplomski\/","og_site_name":"FVO","article_publisher":"https:\/\/www.facebook.com\/fakulteta.za.varstvo.okolja\/","twitter_card":"summary_large_image","twitter_misc":{"Est. reading time":"1 minute"},"schema":{"@context":"https:\/\/schema.org","@graph":[{"@type":"WebPage","@id":"https:\/\/fvo.si\/en\/zaposlitvene-moznosti-podiplomski\/","url":"https:\/\/fvo.si\/en\/zaposlitvene-moznosti-podiplomski\/","name":"Zaposlitvene mo\u017enosti - podiplomski - FVO","isPartOf":{"@id":"https:\/\/fvo.si\/en\/#website"},"datePublished":"2023-10-26T14:08:21+00:00","breadcrumb":{"@id":"https:\/\/fvo.si\/en\/zaposlitvene-moznosti-podiplomski\/#breadcrumb"},"inLanguage":"en-US","potentialAction":[{"@type":"ReadAction","target":["https:\/\/fvo.si\/en\/zaposlitvene-moznosti-podiplomski\/"]}]},{"@type":"BreadcrumbList","@id":"https:\/\/fvo.si\/en\/zaposlitvene-moznosti-podiplomski\/#breadcrumb","itemListElement":[{"@type":"ListItem","position":1,"name":"Home","item":"https:\/\/fvo.si\/en\/"},{"@type":"ListItem","position":2,"name":"Zaposlitvene mo\u017enosti &#8211; podiplomski"}]},{"@type":"WebSite","@id":"https:\/\/fvo.si\/en\/#website","url":"https:\/\/fvo.si\/en\/","name":"FVO","description":"Fakulteta za varstvo okolja Velenje","publisher":{"@id":"https:\/\/fvo.si\/en\/#organization"},"potentialAction":[{"@type":"SearchAction","target":{"@type":"EntryPoint","urlTemplate":"https:\/\/fvo.si\/en\/?s={search_term_string}"},"query-input":{"@type":"PropertyValueSpecification","valueRequired":true,"valueName":"search_term_string"}}],"inLanguage":"en-US"},{"@type":"Organization","@id":"https:\/\/fvo.si\/en\/#organization","name":"FVO","url":"https:\/\/fvo.si\/en\/","logo":{"@type":"ImageObject","inLanguage":"en-US","@id":"https:\/\/fvo.si\/en\/#\/schema\/logo\/image\/","url":"https:\/\/fvo.si\/wp-content\/uploads\/2023\/06\/FVO_logo_sticky.svg","contentUrl":"https:\/\/fvo.si\/wp-content\/uploads\/2023\/06\/FVO_logo_sticky.svg","width":240,"height":114,"caption":"FVO"},"image":{"@id":"https:\/\/fvo.si\/en\/#\/schema\/logo\/image\/"},"sameAs":["https:\/\/www.facebook.com\/fakulteta.za.varstvo.okolja\/","https:\/\/www.instagram.com\/fakulteta.za.varstvo.okolja\/"]}]}},"_links":{"self":[{"href":"https:\/\/fvo.si\/en\/wp-json\/wp\/v2\/pages\/19320","targetHints":{"allow":["GET"]}}],"collection":[{"href":"https:\/\/fvo.si\/en\/wp-json\/wp\/v2\/pages"}],"about":[{"href":"https:\/\/fvo.si\/en\/wp-json\/wp\/v2\/types\/page"}],"author":[{"embeddable":true,"href":"https:\/\/fvo.si\/en\/wp-json\/wp\/v2\/users\/1"}],"replies":[{"embeddable":true,"href":"https:\/\/fvo.si\/en\/wp-json\/wp\/v2\/comments?post=19320"}],"version-history":[{"count":0,"href":"https:\/\/fvo.si\/en\/wp-json\/wp\/v2\/pages\/19320\/revisions"}],"wp:attachment":[{"href":"https:\/\/fvo.si\/en\/wp-json\/wp\/v2\/media?parent=19320"}],"curies":[{"name":"wp","href":"https:\/\/api.w.org\/{rel}","templated":true}]}}