{"id":19278,"date":"2023-10-26T12:25:45","date_gmt":"2023-10-26T10:25:45","guid":{"rendered":"https:\/\/fvo.si\/?page_id=19278"},"modified":"2023-10-26T12:39:05","modified_gmt":"2023-10-26T10:39:05","slug":"partners","status":"publish","type":"page","link":"https:\/\/fvo.si\/en\/partners\/","title":{"rendered":"Partners"},"content":{"rendered":"\t\t<div data-elementor-type=\"wp-page\" data-elementor-id=\"19278\" class=\"elementor elementor-19278 elementor-19276\" data-elementor-post-type=\"page\">\n\t\t\t\t<div class=\"elementor-element elementor-element-2ed813d e-flex e-con-boxed e-con e-parent\" data-id=\"2ed813d\" data-element_type=\"container\" data-e-type=\"container\">\n\t\t\t\t\t<div class=\"e-con-inner\">\n\t\t<div class=\"elementor-element elementor-element-f52507a e-con-full e-flex e-con e-child\" data-id=\"f52507a\" data-element_type=\"container\" data-e-type=\"container\">\n\t\t\t\t<div class=\"elementor-element elementor-element-48400dd elementor-view-stacked elementor-position-inline-start elementor-shape-circle elementor-mobile-position-block-start elementor-widget elementor-widget-icon-box\" data-id=\"48400dd\" data-element_type=\"widget\" data-e-type=\"widget\" data-widget_type=\"icon-box.default\">\n\t\t\t\t<div class=\"elementor-widget-container\">\n\t\t\t\t\t\t\t<div class=\"elementor-icon-box-wrapper\">\n\n\t\t\t\t\t\t<div class=\"elementor-icon-box-icon\">\n\t\t\t\t<span  class=\"elementor-icon\">\n\t\t\t\t<i aria-hidden=\"true\" class=\"tk tk-business-time\"><\/i>\t\t\t\t<\/span>\n\t\t\t<\/div>\n\t\t\t\n\t\t\t\t\t\t<div class=\"elementor-icon-box-content\">\n\n\t\t\t\t\t\t\t\t\t<h3 class=\"elementor-icon-box-title\">\n\t\t\t\t\t\t<span  >\n\t\t\t\t\t\t\tNational support upon establishing the FEP\t\t\t\t\t\t<\/span>\n\t\t\t\t\t<\/h3>\n\t\t\t\t\n\t\t\t\t\n\t\t\t<\/div>\n\t\t\t\n\t\t<\/div>\n\t\t\t\t\t\t<\/div>\n\t\t\t\t<\/div>\n\t\t\t\t<div class=\"elementor-element elementor-element-02def5b elementor-widget elementor-widget-text-editor\" data-id=\"02def5b\" data-element_type=\"widget\" data-e-type=\"widget\" data-widget_type=\"text-editor.default\">\n\t\t\t\t<div class=\"elementor-widget-container\">\n\t\t\t\t\t\t\t\t\t<ul><li>Geological Institute of Slovenia (orig. Geolo\u0161ki Zavod Slovenije)<\/li><li>Slovenian Forestry Institute<\/li><li>Slovenian Institute of Hop Research and Brewing (orig. In\u0161titut za hmeljarstvo in pivovarstvo Slovenije)<\/li><li>Institute of Waters Slovenia (orig. In\u0161titut za vode Republike Slovenije)<\/li><li>Institute of Chemistry Slovenia (orig. Kemijski in\u0161titut Slovenija)<\/li><li>Jo\u017eef Stefan International Postgraduate School Ljubljana (orig. Mednarodna podiplomska \u0161ola Jo\u017eefa Stefana Ljubljana)<\/li><li>National Institute of Biology Slovenia (orig. Nacionalni in\u0161titut za biologijo)<\/li><li>Institute of Technical Studies Nova Gorica (orig. Politehnika Nova Gorica)<\/li><li>Triglav National Park<\/li><li>Institute of Ecology,<\/li><li>Ministry of the Environment and Spatial Planning, Slovenian Environment Agency<\/li><li>Chamber of Commerce and Industry Slovenia (orig. GZS), Environmental Protection Agency<\/li><li>Institute of Ecology<\/li><li>Ministry of Environmental and Spatial Planning, Environmental Agency<\/li><li>Chamber of Commerce and Industry, Department for Environmental Protection<\/li><\/ul>\t\t\t\t\t\t\t\t<\/div>\n\t\t\t\t<\/div>\n\t\t\t\t<div class=\"elementor-element elementor-element-62b442b elementor-view-stacked elementor-position-inline-start elementor-shape-circle elementor-mobile-position-block-start elementor-widget elementor-widget-icon-box\" data-id=\"62b442b\" data-element_type=\"widget\" data-e-type=\"widget\" data-widget_type=\"icon-box.default\">\n\t\t\t\t<div class=\"elementor-widget-container\">\n\t\t\t\t\t\t\t<div class=\"elementor-icon-box-wrapper\">\n\n\t\t\t\t\t\t<div class=\"elementor-icon-box-icon\">\n\t\t\t\t<span  class=\"elementor-icon\">\n\t\t\t\t<i aria-hidden=\"true\" class=\"tk tk-business-time\"><\/i>\t\t\t\t<\/span>\n\t\t\t<\/div>\n\t\t\t\n\t\t\t\t\t\t<div class=\"elementor-icon-box-content\">\n\n\t\t\t\t\t\t\t\t\t<h3 class=\"elementor-icon-box-title\">\n\t\t\t\t\t\t<span  >\n\t\t\t\t\t\t\tRegional support upon establishing the FEP\t\t\t\t\t\t<\/span>\n\t\t\t\t\t<\/h3>\n\t\t\t\t\n\t\t\t\t\n\t\t\t<\/div>\n\t\t\t\n\t\t<\/div>\n\t\t\t\t\t\t<\/div>\n\t\t\t\t<\/div>\n\t\t\t\t<div class=\"elementor-element elementor-element-169f9cf elementor-widget elementor-widget-text-editor\" data-id=\"169f9cf\" data-element_type=\"widget\" data-e-type=\"widget\" data-widget_type=\"text-editor.default\">\n\t\t\t\t<div class=\"elementor-widget-container\">\n\t\t\t\t\t\t\t\t\t<ul><li>Chamber of Commerce and Industry Slovenia (orig. GZS), administrative office Celje<\/li><li>Kozjanski park Podsreda, public institute<\/li><li>Chamber of Agriculture and Forestry of Slovenia, branch office in Celje<\/li><li>RRA Celje d.o.o. , Regional Development Agency<\/li><li>Slovenia Forest Service (orig. Zavod za gozdove Slovenije), branch office in Nazarje<\/li><li>Institute of Public Health Slovenia, branch office Celje<\/li><li>ERICO Velenje<\/li><li>municipality of Velenje<\/li><\/ul>\t\t\t\t\t\t\t\t<\/div>\n\t\t\t\t<\/div>\n\t\t\t\t<div class=\"elementor-element elementor-element-5525511 elementor-view-stacked elementor-position-inline-start elementor-shape-circle elementor-mobile-position-block-start elementor-widget elementor-widget-icon-box\" data-id=\"5525511\" data-element_type=\"widget\" data-e-type=\"widget\" data-widget_type=\"icon-box.default\">\n\t\t\t\t<div class=\"elementor-widget-container\">\n\t\t\t\t\t\t\t<div class=\"elementor-icon-box-wrapper\">\n\n\t\t\t\t\t\t<div class=\"elementor-icon-box-icon\">\n\t\t\t\t<span  class=\"elementor-icon\">\n\t\t\t\t<i aria-hidden=\"true\" class=\"tk tk-business-time\"><\/i>\t\t\t\t<\/span>\n\t\t\t<\/div>\n\t\t\t\n\t\t\t\t\t\t<div class=\"elementor-icon-box-content\">\n\n\t\t\t\t\t\t\t\t\t<h3 class=\"elementor-icon-box-title\">\n\t\t\t\t\t\t<span  >\n\t\t\t\t\t\t\tSupport of industry\t\t\t\t\t\t<\/span>\n\t\t\t\t\t<\/h3>\n\t\t\t\t\n\t\t\t\t\n\t\t\t<\/div>\n\t\t\t\n\t\t<\/div>\n\t\t\t\t\t\t<\/div>\n\t\t\t\t<\/div>\n\t\t\t\t<div class=\"elementor-element elementor-element-e736213 elementor-widget elementor-widget-text-editor\" data-id=\"e736213\" data-element_type=\"widget\" data-e-type=\"widget\" data-widget_type=\"text-editor.default\">\n\t\t\t\t<div class=\"elementor-widget-container\">\n\t\t\t\t\t\t\t\t\t<ul><li>BSH d.o.o.<\/li><li>Celjske mesnine d.d.<\/li><li>Cetis d.d.<\/li><li>Cinkarna d.d.<\/li><li>Eko d.o.o.<\/li><li>Elkroj d.d.<\/li><li>Esotech d.d.<\/li><li>Geneza d.o.o.<\/li><li>Gorenje d.d.<\/li><li>Gorenje Orodjarna d.o.o.<\/li><li>Inexa d.o.o.<\/li><li>Javne naprave d.o.o.<\/li><li>Juteks d.d.<\/li><li>Klima d.d.<\/li><li>Schiedel d.o.o.<\/li><li>SG Automotive d.o.o.<\/li><li>Steklarna Roga\u0161ka d.d.<\/li><li>\u0160tore Steel d.o.o.<\/li><li>Termoelektrarna \u0160o\u0161tanj d.o.o.<\/li><li>Unior d.d.<\/li><li>Vegrad d.d.<\/li><li>Vodovod-kanalizacija d.o.o.<\/li><li>Zdravili\u0161\u010de La\u0161ko d.d.<\/li><li>Plastic Skaza d.o.o.<\/li><\/ul>\t\t\t\t\t\t\t\t<\/div>\n\t\t\t\t<\/div>\n\t\t\t\t<\/div>\n\t\t<div class=\"elementor-element elementor-element-b75fed2 e-con-full e-flex e-con e-child\" data-id=\"b75fed2\" data-element_type=\"container\" data-e-type=\"container\">\n\t\t\t\t<div class=\"elementor-element elementor-element-2b1b9a4 elementor-nav-menu--stretch mymenu elementor-nav-menu--dropdown-tablet elementor-nav-menu__text-align-aside elementor-nav-menu--toggle elementor-nav-menu--burger elementor-invisible elementor-widget elementor-widget-global elementor-global-14722 elementor-widget-nav-menu\" data-id=\"2b1b9a4\" data-element_type=\"widget\" data-e-type=\"widget\" data-settings=\"{&quot;layout&quot;:&quot;vertical&quot;,&quot;full_width&quot;:&quot;stretch&quot;,&quot;toggle_icon_hover_animation&quot;:&quot;pulse&quot;,&quot;_animation&quot;:&quot;fadeIn&quot;,&quot;submenu_icon&quot;:{&quot;value&quot;:&quot;fas fa-caret-down&quot;,&quot;library&quot;:&quot;fa-solid&quot;},&quot;toggle&quot;:&quot;burger&quot;}\" data-widget_type=\"nav-menu.default\">\n\t\t\t\t<div class=\"elementor-widget-container\">\n\t\t\t\t\t\t\t\t<nav aria-label=\"Menu\" class=\"elementor-nav-menu--main elementor-nav-menu__container elementor-nav-menu--layout-vertical e--pointer-none\">\n\t\t\t\t<ul id=\"menu-1-2b1b9a4\" class=\"elementor-nav-menu sm-vertical\"><li class=\"menu-item menu-item-type-post_type menu-item-object-page menu-item-19205\"><a href=\"https:\/\/fvo.si\/en\/o-fvo\/\" class=\"elementor-item\">About FEP<\/a><\/li>\n<li class=\"menu-item menu-item-type-post_type menu-item-object-page menu-item-19207\"><a href=\"https:\/\/fvo.si\/en\/osebna-izkaznica-vizitka\/\" class=\"elementor-item\">Basic info<\/a><\/li>\n<li class=\"menu-item menu-item-type-post_type menu-item-object-page menu-item-19211\"><a href=\"https:\/\/fvo.si\/en\/university-teachers-and-staff\/\" class=\"elementor-item\">Teaching staff<\/a><\/li>\n<li class=\"menu-item menu-item-type-post_type menu-item-object-page menu-item-19213\"><a href=\"https:\/\/fvo.si\/en\/vision-and-mission\/\" class=\"elementor-item\">Vision and mission<\/a><\/li>\n<li class=\"menu-item menu-item-type-post_type menu-item-object-page menu-item-19241\"><a href=\"https:\/\/fvo.si\/en\/authorities-and-committees\/\" class=\"elementor-item\">Authorities and committees<\/a><\/li>\n<li class=\"menu-item menu-item-type-post_type menu-item-object-page menu-item-19273\"><a href=\"https:\/\/fvo.si\/en\/location\/\" class=\"elementor-item\">Location<\/a><\/li>\n<li class=\"menu-item menu-item-type-post_type menu-item-object-page menu-item-19280\"><a href=\"https:\/\/fvo.si\/en\/partners\/\" class=\"elementor-item\">Partners<\/a><\/li>\n<li class=\"menu-item menu-item-type-post_type menu-item-object-page menu-item-19262\"><a href=\"https:\/\/fvo.si\/en\/virtual-presentation\/\" class=\"elementor-item\">Virtual presentation<\/a><\/li>\n<li class=\"menu-item menu-item-type-post_type menu-item-object-page menu-item-19209\"><a href=\"https:\/\/fvo.si\/en\/others-about-us\/\" class=\"elementor-item\">Others about us<\/a><\/li>\n<\/ul>\t\t\t<\/nav>\n\t\t\t\t\t<div class=\"elementor-menu-toggle\" role=\"button\" tabindex=\"0\" aria-label=\"Menu Toggle\" aria-expanded=\"false\">\n\t\t\t<i aria-hidden=\"true\" role=\"presentation\" class=\"elementor-menu-toggle__icon--open elementor-animation-pulse eicon-menu-bar\"><\/i><i aria-hidden=\"true\" role=\"presentation\" class=\"elementor-menu-toggle__icon--close elementor-animation-pulse fas fa-angle-right\"><\/i>\t\t<\/div>\n\t\t\t\t\t<nav class=\"elementor-nav-menu--dropdown elementor-nav-menu__container\" aria-hidden=\"true\">\n\t\t\t\t<ul id=\"menu-2-2b1b9a4\" class=\"elementor-nav-menu sm-vertical\"><li class=\"menu-item menu-item-type-post_type menu-item-object-page menu-item-19205\"><a href=\"https:\/\/fvo.si\/en\/o-fvo\/\" class=\"elementor-item\" tabindex=\"-1\">About FEP<\/a><\/li>\n<li class=\"menu-item menu-item-type-post_type menu-item-object-page menu-item-19207\"><a href=\"https:\/\/fvo.si\/en\/osebna-izkaznica-vizitka\/\" class=\"elementor-item\" tabindex=\"-1\">Basic info<\/a><\/li>\n<li class=\"menu-item menu-item-type-post_type menu-item-object-page menu-item-19211\"><a href=\"https:\/\/fvo.si\/en\/university-teachers-and-staff\/\" class=\"elementor-item\" tabindex=\"-1\">Teaching staff<\/a><\/li>\n<li class=\"menu-item menu-item-type-post_type menu-item-object-page menu-item-19213\"><a href=\"https:\/\/fvo.si\/en\/vision-and-mission\/\" class=\"elementor-item\" tabindex=\"-1\">Vision and mission<\/a><\/li>\n<li class=\"menu-item menu-item-type-post_type menu-item-object-page menu-item-19241\"><a href=\"https:\/\/fvo.si\/en\/authorities-and-committees\/\" class=\"elementor-item\" tabindex=\"-1\">Authorities and committees<\/a><\/li>\n<li class=\"menu-item menu-item-type-post_type menu-item-object-page menu-item-19273\"><a href=\"https:\/\/fvo.si\/en\/location\/\" class=\"elementor-item\" tabindex=\"-1\">Location<\/a><\/li>\n<li class=\"menu-item menu-item-type-post_type menu-item-object-page menu-item-19280\"><a href=\"https:\/\/fvo.si\/en\/partners\/\" class=\"elementor-item\" tabindex=\"-1\">Partners<\/a><\/li>\n<li class=\"menu-item menu-item-type-post_type menu-item-object-page menu-item-19262\"><a href=\"https:\/\/fvo.si\/en\/virtual-presentation\/\" class=\"elementor-item\" tabindex=\"-1\">Virtual presentation<\/a><\/li>\n<li class=\"menu-item menu-item-type-post_type menu-item-object-page menu-item-19209\"><a href=\"https:\/\/fvo.si\/en\/others-about-us\/\" class=\"elementor-item\" tabindex=\"-1\">Others about us<\/a><\/li>\n<\/ul>\t\t\t<\/nav>\n\t\t\t\t\t\t<\/div>\n\t\t\t\t<\/div>\n\t\t\t\t<\/div>\n\t\t\t\t\t<\/div>\n\t\t\t\t<\/div>\n\t\t\t\t<\/div>\n\t\t","protected":false},"excerpt":{"rendered":"<p>National support upon establishing the FEP Geological Institute of Slovenia (orig. Geolo\u0161ki Zavod Slovenije) Slovenian Forestry Institute Slovenian Institute of Hop Research and Brewing (orig. In\u0161titut za hmeljarstvo in pivovarstvo Slovenije) Institute of Waters Slovenia (orig. In\u0161titut za vode Republike &hellip; <\/p>\n","protected":false},"author":1,"featured_media":0,"parent":0,"menu_order":0,"comment_status":"closed","ping_status":"closed","template":"","meta":{"cybocfi_hide_featured_image":"","footnotes":""},"class_list":["post-19278","page","type-page","status-publish","hentry"],"yoast_head":"<!-- This site is optimized with the Yoast SEO plugin v27.3 - https:\/\/yoast.com\/product\/yoast-seo-wordpress\/ -->\n<title>Partners - FVO<\/title>\n<meta name=\"robots\" content=\"index, follow, max-snippet:-1, max-image-preview:large, max-video-preview:-1\" \/>\n<link rel=\"canonical\" href=\"https:\/\/fvo.si\/en\/partners\/\" \/>\n<meta property=\"og:locale\" content=\"en_US\" \/>\n<meta property=\"og:type\" content=\"article\" \/>\n<meta property=\"og:title\" content=\"Partners - FVO\" \/>\n<meta property=\"og:description\" content=\"National support upon establishing the FEP Geological Institute of Slovenia (orig. Geolo\u0161ki Zavod Slovenije) Slovenian Forestry Institute Slovenian Institute of Hop Research and Brewing (orig. In\u0161titut za hmeljarstvo in pivovarstvo Slovenije) Institute of Waters Slovenia (orig. In\u0161titut za vode Republike &hellip;\" \/>\n<meta property=\"og:url\" content=\"https:\/\/fvo.si\/en\/partners\/\" \/>\n<meta property=\"og:site_name\" content=\"FVO\" \/>\n<meta property=\"article:publisher\" content=\"https:\/\/www.facebook.com\/fakulteta.za.varstvo.okolja\/\" \/>\n<meta property=\"article:modified_time\" content=\"2023-10-26T10:39:05+00:00\" \/>\n<meta name=\"twitter:card\" content=\"summary_large_image\" \/>\n<meta name=\"twitter:label1\" content=\"Est. reading time\" \/>\n\t<meta name=\"twitter:data1\" content=\"2 minutes\" \/>\n<script type=\"application\/ld+json\" class=\"yoast-schema-graph\">{\"@context\":\"https:\\\/\\\/schema.org\",\"@graph\":[{\"@type\":\"WebPage\",\"@id\":\"https:\\\/\\\/fvo.si\\\/en\\\/partners\\\/\",\"url\":\"https:\\\/\\\/fvo.si\\\/en\\\/partners\\\/\",\"name\":\"Partners - FVO\",\"isPartOf\":{\"@id\":\"https:\\\/\\\/fvo.si\\\/en\\\/#website\"},\"datePublished\":\"2023-10-26T10:25:45+00:00\",\"dateModified\":\"2023-10-26T10:39:05+00:00\",\"breadcrumb\":{\"@id\":\"https:\\\/\\\/fvo.si\\\/en\\\/partners\\\/#breadcrumb\"},\"inLanguage\":\"en-US\",\"potentialAction\":[{\"@type\":\"ReadAction\",\"target\":[\"https:\\\/\\\/fvo.si\\\/en\\\/partners\\\/\"]}]},{\"@type\":\"BreadcrumbList\",\"@id\":\"https:\\\/\\\/fvo.si\\\/en\\\/partners\\\/#breadcrumb\",\"itemListElement\":[{\"@type\":\"ListItem\",\"position\":1,\"name\":\"Home\",\"item\":\"https:\\\/\\\/fvo.si\\\/en\\\/\"},{\"@type\":\"ListItem\",\"position\":2,\"name\":\"Partners\"}]},{\"@type\":\"WebSite\",\"@id\":\"https:\\\/\\\/fvo.si\\\/en\\\/#website\",\"url\":\"https:\\\/\\\/fvo.si\\\/en\\\/\",\"name\":\"FVO\",\"description\":\"Fakulteta za varstvo okolja Velenje\",\"publisher\":{\"@id\":\"https:\\\/\\\/fvo.si\\\/en\\\/#organization\"},\"potentialAction\":[{\"@type\":\"SearchAction\",\"target\":{\"@type\":\"EntryPoint\",\"urlTemplate\":\"https:\\\/\\\/fvo.si\\\/en\\\/?s={search_term_string}\"},\"query-input\":{\"@type\":\"PropertyValueSpecification\",\"valueRequired\":true,\"valueName\":\"search_term_string\"}}],\"inLanguage\":\"en-US\"},{\"@type\":\"Organization\",\"@id\":\"https:\\\/\\\/fvo.si\\\/en\\\/#organization\",\"name\":\"FVO\",\"url\":\"https:\\\/\\\/fvo.si\\\/en\\\/\",\"logo\":{\"@type\":\"ImageObject\",\"inLanguage\":\"en-US\",\"@id\":\"https:\\\/\\\/fvo.si\\\/en\\\/#\\\/schema\\\/logo\\\/image\\\/\",\"url\":\"https:\\\/\\\/fvo.si\\\/wp-content\\\/uploads\\\/2023\\\/06\\\/FVO_logo_sticky.svg\",\"contentUrl\":\"https:\\\/\\\/fvo.si\\\/wp-content\\\/uploads\\\/2023\\\/06\\\/FVO_logo_sticky.svg\",\"width\":240,\"height\":114,\"caption\":\"FVO\"},\"image\":{\"@id\":\"https:\\\/\\\/fvo.si\\\/en\\\/#\\\/schema\\\/logo\\\/image\\\/\"},\"sameAs\":[\"https:\\\/\\\/www.facebook.com\\\/fakulteta.za.varstvo.okolja\\\/\",\"https:\\\/\\\/www.instagram.com\\\/fakulteta.za.varstvo.okolja\\\/\"]}]}<\/script>\n<!-- \/ Yoast SEO plugin. -->","yoast_head_json":{"title":"Partners - FVO","robots":{"index":"index","follow":"follow","max-snippet":"max-snippet:-1","max-image-preview":"max-image-preview:large","max-video-preview":"max-video-preview:-1"},"canonical":"https:\/\/fvo.si\/en\/partners\/","og_locale":"en_US","og_type":"article","og_title":"Partners - FVO","og_description":"National support upon establishing the FEP Geological Institute of Slovenia (orig. Geolo\u0161ki Zavod Slovenije) Slovenian Forestry Institute Slovenian Institute of Hop Research and Brewing (orig. In\u0161titut za hmeljarstvo in pivovarstvo Slovenije) Institute of Waters Slovenia (orig. In\u0161titut za vode Republike &hellip;","og_url":"https:\/\/fvo.si\/en\/partners\/","og_site_name":"FVO","article_publisher":"https:\/\/www.facebook.com\/fakulteta.za.varstvo.okolja\/","article_modified_time":"2023-10-26T10:39:05+00:00","twitter_card":"summary_large_image","twitter_misc":{"Est. reading time":"2 minutes"},"schema":{"@context":"https:\/\/schema.org","@graph":[{"@type":"WebPage","@id":"https:\/\/fvo.si\/en\/partners\/","url":"https:\/\/fvo.si\/en\/partners\/","name":"Partners - FVO","isPartOf":{"@id":"https:\/\/fvo.si\/en\/#website"},"datePublished":"2023-10-26T10:25:45+00:00","dateModified":"2023-10-26T10:39:05+00:00","breadcrumb":{"@id":"https:\/\/fvo.si\/en\/partners\/#breadcrumb"},"inLanguage":"en-US","potentialAction":[{"@type":"ReadAction","target":["https:\/\/fvo.si\/en\/partners\/"]}]},{"@type":"BreadcrumbList","@id":"https:\/\/fvo.si\/en\/partners\/#breadcrumb","itemListElement":[{"@type":"ListItem","position":1,"name":"Home","item":"https:\/\/fvo.si\/en\/"},{"@type":"ListItem","position":2,"name":"Partners"}]},{"@type":"WebSite","@id":"https:\/\/fvo.si\/en\/#website","url":"https:\/\/fvo.si\/en\/","name":"FVO","description":"Fakulteta za varstvo okolja Velenje","publisher":{"@id":"https:\/\/fvo.si\/en\/#organization"},"potentialAction":[{"@type":"SearchAction","target":{"@type":"EntryPoint","urlTemplate":"https:\/\/fvo.si\/en\/?s={search_term_string}"},"query-input":{"@type":"PropertyValueSpecification","valueRequired":true,"valueName":"search_term_string"}}],"inLanguage":"en-US"},{"@type":"Organization","@id":"https:\/\/fvo.si\/en\/#organization","name":"FVO","url":"https:\/\/fvo.si\/en\/","logo":{"@type":"ImageObject","inLanguage":"en-US","@id":"https:\/\/fvo.si\/en\/#\/schema\/logo\/image\/","url":"https:\/\/fvo.si\/wp-content\/uploads\/2023\/06\/FVO_logo_sticky.svg","contentUrl":"https:\/\/fvo.si\/wp-content\/uploads\/2023\/06\/FVO_logo_sticky.svg","width":240,"height":114,"caption":"FVO"},"image":{"@id":"https:\/\/fvo.si\/en\/#\/schema\/logo\/image\/"},"sameAs":["https:\/\/www.facebook.com\/fakulteta.za.varstvo.okolja\/","https:\/\/www.instagram.com\/fakulteta.za.varstvo.okolja\/"]}]}},"_links":{"self":[{"href":"https:\/\/fvo.si\/en\/wp-json\/wp\/v2\/pages\/19278","targetHints":{"allow":["GET"]}}],"collection":[{"href":"https:\/\/fvo.si\/en\/wp-json\/wp\/v2\/pages"}],"about":[{"href":"https:\/\/fvo.si\/en\/wp-json\/wp\/v2\/types\/page"}],"author":[{"embeddable":true,"href":"https:\/\/fvo.si\/en\/wp-json\/wp\/v2\/users\/1"}],"replies":[{"embeddable":true,"href":"https:\/\/fvo.si\/en\/wp-json\/wp\/v2\/comments?post=19278"}],"version-history":[{"count":0,"href":"https:\/\/fvo.si\/en\/wp-json\/wp\/v2\/pages\/19278\/revisions"}],"wp:attachment":[{"href":"https:\/\/fvo.si\/en\/wp-json\/wp\/v2\/media?parent=19278"}],"curies":[{"name":"wp","href":"https:\/\/api.w.org\/{rel}","templated":true}]}}