{"id":19267,"date":"2023-10-26T12:00:27","date_gmt":"2023-10-26T10:00:27","guid":{"rendered":"https:\/\/fvo.si\/?page_id=19267"},"modified":"2023-10-26T12:00:27","modified_gmt":"2023-10-26T10:00:27","slug":"lokacija","status":"publish","type":"page","link":"https:\/\/fvo.si\/en\/lokacija\/","title":{"rendered":"Lokacija"},"content":{"rendered":"\t\t<div data-elementor-type=\"wp-page\" data-elementor-id=\"19267\" class=\"elementor elementor-19267\" data-elementor-post-type=\"page\">\n\t\t\t\t\t\t<section class=\"elementor-section elementor-top-section elementor-element elementor-element-790b1e3f elementor-section-stretched elementor-section-boxed elementor-section-height-default elementor-section-height-default\" data-id=\"790b1e3f\" data-element_type=\"section\" data-e-type=\"section\" data-settings=\"{&quot;stretch_section&quot;:&quot;section-stretched&quot;}\">\n\t\t\t\t\t\t<div class=\"elementor-container elementor-column-gap-custom\">\n\t\t\t\t\t<div class=\"elementor-column elementor-col-50 elementor-top-column elementor-element elementor-element-5c25dd31\" data-id=\"5c25dd31\" data-element_type=\"column\" data-e-type=\"column\">\n\t\t\t<div class=\"elementor-widget-wrap elementor-element-populated\">\n\t\t\t\t\t\t<div class=\"elementor-element elementor-element-09ad9da elementor-widget elementor-widget-image\" data-id=\"09ad9da\" data-element_type=\"widget\" data-e-type=\"widget\" data-widget_type=\"image.default\">\n\t\t\t\t<div class=\"elementor-widget-container\">\n\t\t\t\t\t\t\t\t\t\t\t\t\t\t\t<img fetchpriority=\"high\" decoding=\"async\" width=\"1920\" height=\"1080\" src=\"https:\/\/fvo.si\/wp-content\/uploads\/2023\/05\/FVO_net_5.jpg\" class=\"attachment-full size-full wp-image-17193\" alt=\"\" srcset=\"https:\/\/fvo.si\/wp-content\/uploads\/2023\/05\/FVO_net_5.jpg 1920w, https:\/\/fvo.si\/wp-content\/uploads\/2023\/05\/FVO_net_5-300x169.jpg 300w, https:\/\/fvo.si\/wp-content\/uploads\/2023\/05\/FVO_net_5-1024x576.jpg 1024w, https:\/\/fvo.si\/wp-content\/uploads\/2023\/05\/FVO_net_5-768x432.jpg 768w, https:\/\/fvo.si\/wp-content\/uploads\/2023\/05\/FVO_net_5-1536x864.jpg 1536w\" sizes=\"(max-width: 1920px) 100vw, 1920px\" \/>\t\t\t\t\t\t\t\t\t\t\t\t\t\t\t<\/div>\n\t\t\t\t<\/div>\n\t\t\t\t<div class=\"elementor-element elementor-element-519623c0 elementor-widget__width-initial elementor-widget thim-ekits-heading elementor-widget-thim-heading\" data-id=\"519623c0\" data-element_type=\"widget\" data-e-type=\"widget\" data-widget_type=\"thim-heading.default\">\n\t\t\t\t<div class=\"elementor-widget-container\">\n\t\t\t\t\t<div class=\"sc_heading\"><h3 class=\"title\">Fakulteta za varstvo okolja <\/h3><\/div>\t\t\t\t<\/div>\n\t\t\t\t<\/div>\n\t\t\t\t<div class=\"elementor-element elementor-element-ccefd8f elementor-widget elementor-widget-text-editor\" data-id=\"ccefd8f\" data-element_type=\"widget\" data-e-type=\"widget\" data-widget_type=\"text-editor.default\">\n\t\t\t\t<div class=\"elementor-widget-container\">\n\t\t\t\t\t\t\t\t\tFakulteta za varstvo okolja s sede\u017eem v Velenju je edini visoko\u0161olski zavod v slovenskem prostoru, ki interdisciplinarno deluje na podro\u010dju okoljevarstvenih ved v naj\u0161ir\u0161em pomenu besede ter ponuja visoko\u0161olski \u0161tudijski program in magistrski \u0161tudijski program na podro\u010dju varstva okolja in ekotehnologij, ki ga diplomanti zaklju\u010dijo z nazivom diplomirani ekotehnolog oz. magister ekotrehnologije.\n<blockquote style=\"color: #02519c; margin-top:30px;\"><em>Fakulteta za varstvo okolja (do leta 2022: Visoka \u0161ola za varstvo okolja; V\u0160VO) je samostojna visoko\u0161olska in\u0161titucija, ki interdisciplinarno deluje na podro\u010dju okoljevarstvenih ved v naj\u0161ir\u0161em pomenu besede, njeno delovanje pa se prepleta s podro\u010dji naravoslovnih, tehni\u010dnih, biotehni\u010dnih, dru\u017eboslovnih in humanisti\u010dnih ved. Interdisciplinarnost je predpogoj za iskanje in doseganje kompromisov med zahtevami dru\u017ebenega\/gospodarskega razvoja ter okoljevarstva\/naravovarstva, hkrati pa fakulteti omogo\u010da fleksibilno delovanje, prilagajanje potrebam gospodarstva in dru\u017ebenega okolja ter ustrezno u\u010dinkovitost \u0161tudija.<\/em><\/blockquote>\n\u0160tudenti se med \u0161tudijem spoznajo z\u00a0 razvojno in omejevalno funkcijo okolja, z onesna\u017eevanjem vode, zraka, tal, rastlin, \u017eivali in ljudi, z ravnanjem z odpadki, z vplivom \u010dlovekovih dejavnosti na okolje in njegovim ocenjevanjem, z varstvom narave, z ekotehnologijami za varovanje in sanacijo okolja, pa tudi\u00a0 s komuniciranjem z javnostjo, pravom okolja in upravljanjem.\n\nDeviza fakultete so gotovo najbolj\u0161i visoko\u0161olski u\u010ditelji s prakti\u010dnimi izku\u0161njami, novi sodobno opremljeni prostori in laboratorij in vklju\u010devanje \u0161tudentov v projektno delo. Velika izbirnost predmetov, obse\u017eno prakti\u010dno usposabljanje, projektno delo, mednarodne izmenjave in kakovostne podporne\u00a0 ob\u0161tudijske dejavnosti so garancija, da so na\u0161i diplomanti pripravljeni na trg dela, ki to \u017ee prepoznava, saj je vedno ve\u010d diplomantov zaposlenih v stroki.\u00a0 Gre za izjemno aktualno panogo, saj je danes skrb za okolje postavljena povsem v ospredje. \u0160tudij je zasnovan interdisciplinarno, tako da omogo\u010da obravnavo okoljskih problemov z vseh vidikov.\n\nNi naklju\u010dje, da fakulteta domuje prav v Velenju. \u0160ale\u0161ka dolina, ki je bila v preteklosti okoljsko mo\u010dno degradirano podro\u010dje, kasneje pa do\u017eivela veliko sanacijo in revitalizacijo, je prava u\u010dilnica na prostem za na\u0161 program.\n\nKer je varstvo okolja globalna tema, je povsem naravno in nujno, da fakulteta daje velik poudarek mednarodni dejavnosti, povezovanju s tujimi \u0161olami, in\u0161titucijami in raziskovalci.\n\nFakulteta je povezana z razli\u010dnimi institucijami in gospodarskimi dru\u017ebami, ki pomagajo uresni\u010devati poslanstvo \u0161ole, namre\u010d, da pridobljeno znanje s podro\u010dja varstva okolja in ekotehnologij prena\u0161amo v gospodarstvo in negospodarstvo in tako pripomoremo k ohranitvi in izbolj\u0161anju razmer v okolju in stroki.<blockquote style=\"color: #02519c; margin-top:30px;\">Zadovoljstvo je delati z zavedanjem, da s svojim delom pripevamo k lep\u0161i prihodnosti za na\u0161 planet in skrbimo za to, da bodo na\u0161i zanamci na njem lepo in kakovostno \u017eiveli. Narava ima vedno prav.<\/blockquote>\t\t\t\t\t\t\t\t<\/div>\n\t\t\t\t<\/div>\n\t\t\t\t\t<\/div>\n\t\t<\/div>\n\t\t\t\t<div class=\"elementor-column elementor-col-50 elementor-top-column elementor-element elementor-element-2d442784\" data-id=\"2d442784\" data-element_type=\"column\" data-e-type=\"column\">\n\t\t\t<div class=\"elementor-widget-wrap elementor-element-populated\">\n\t\t\t\t\t\t<div class=\"elementor-element elementor-element-eca700c elementor-nav-menu--stretch mymenu elementor-nav-menu--dropdown-tablet elementor-nav-menu__text-align-aside elementor-nav-menu--toggle elementor-nav-menu--burger elementor-invisible elementor-widget elementor-widget-global elementor-global-14722 elementor-widget-nav-menu\" data-id=\"eca700c\" data-element_type=\"widget\" data-e-type=\"widget\" data-settings=\"{&quot;layout&quot;:&quot;vertical&quot;,&quot;full_width&quot;:&quot;stretch&quot;,&quot;toggle_icon_hover_animation&quot;:&quot;pulse&quot;,&quot;_animation&quot;:&quot;fadeIn&quot;,&quot;submenu_icon&quot;:{&quot;value&quot;:&quot;fas fa-caret-down&quot;,&quot;library&quot;:&quot;fa-solid&quot;},&quot;toggle&quot;:&quot;burger&quot;}\" data-widget_type=\"nav-menu.default\">\n\t\t\t\t<div class=\"elementor-widget-container\">\n\t\t\t\t\t\t\t\t<nav aria-label=\"Menu\" class=\"elementor-nav-menu--main elementor-nav-menu__container elementor-nav-menu--layout-vertical e--pointer-none\">\n\t\t\t\t<ul id=\"menu-1-eca700c\" class=\"elementor-nav-menu sm-vertical\"><li class=\"menu-item menu-item-type-post_type menu-item-object-page menu-item-19205\"><a href=\"https:\/\/fvo.si\/en\/o-fvo\/\" class=\"elementor-item\">About FEP<\/a><\/li>\n<li class=\"menu-item menu-item-type-post_type menu-item-object-page menu-item-19207\"><a href=\"https:\/\/fvo.si\/en\/osebna-izkaznica-vizitka\/\" class=\"elementor-item\">Basic info<\/a><\/li>\n<li class=\"menu-item menu-item-type-post_type menu-item-object-page menu-item-19211\"><a href=\"https:\/\/fvo.si\/en\/university-teachers-and-staff\/\" class=\"elementor-item\">Teaching staff<\/a><\/li>\n<li class=\"menu-item menu-item-type-post_type menu-item-object-page menu-item-19213\"><a href=\"https:\/\/fvo.si\/en\/vision-and-mission\/\" class=\"elementor-item\">Vision and mission<\/a><\/li>\n<li class=\"menu-item menu-item-type-post_type menu-item-object-page menu-item-19241\"><a href=\"https:\/\/fvo.si\/en\/authorities-and-committees\/\" class=\"elementor-item\">Authorities and committees<\/a><\/li>\n<li class=\"menu-item menu-item-type-post_type menu-item-object-page menu-item-19273\"><a href=\"https:\/\/fvo.si\/en\/location\/\" class=\"elementor-item\">Location<\/a><\/li>\n<li class=\"menu-item menu-item-type-post_type menu-item-object-page menu-item-19280\"><a href=\"https:\/\/fvo.si\/en\/partners\/\" class=\"elementor-item\">Partners<\/a><\/li>\n<li class=\"menu-item menu-item-type-post_type menu-item-object-page menu-item-19262\"><a href=\"https:\/\/fvo.si\/en\/virtual-presentation\/\" class=\"elementor-item\">Virtual presentation<\/a><\/li>\n<li class=\"menu-item menu-item-type-post_type menu-item-object-page menu-item-19209\"><a href=\"https:\/\/fvo.si\/en\/others-about-us\/\" class=\"elementor-item\">Others about us<\/a><\/li>\n<\/ul>\t\t\t<\/nav>\n\t\t\t\t\t<div class=\"elementor-menu-toggle\" role=\"button\" tabindex=\"0\" aria-label=\"Menu Toggle\" aria-expanded=\"false\">\n\t\t\t<i aria-hidden=\"true\" role=\"presentation\" class=\"elementor-menu-toggle__icon--open elementor-animation-pulse eicon-menu-bar\"><\/i><i aria-hidden=\"true\" role=\"presentation\" class=\"elementor-menu-toggle__icon--close elementor-animation-pulse fas fa-angle-right\"><\/i>\t\t<\/div>\n\t\t\t\t\t<nav class=\"elementor-nav-menu--dropdown elementor-nav-menu__container\" aria-hidden=\"true\">\n\t\t\t\t<ul id=\"menu-2-eca700c\" class=\"elementor-nav-menu sm-vertical\"><li class=\"menu-item menu-item-type-post_type menu-item-object-page menu-item-19205\"><a href=\"https:\/\/fvo.si\/en\/o-fvo\/\" class=\"elementor-item\" tabindex=\"-1\">About FEP<\/a><\/li>\n<li class=\"menu-item menu-item-type-post_type menu-item-object-page menu-item-19207\"><a href=\"https:\/\/fvo.si\/en\/osebna-izkaznica-vizitka\/\" class=\"elementor-item\" tabindex=\"-1\">Basic info<\/a><\/li>\n<li class=\"menu-item menu-item-type-post_type menu-item-object-page menu-item-19211\"><a href=\"https:\/\/fvo.si\/en\/university-teachers-and-staff\/\" class=\"elementor-item\" tabindex=\"-1\">Teaching staff<\/a><\/li>\n<li class=\"menu-item menu-item-type-post_type menu-item-object-page menu-item-19213\"><a href=\"https:\/\/fvo.si\/en\/vision-and-mission\/\" class=\"elementor-item\" tabindex=\"-1\">Vision and mission<\/a><\/li>\n<li class=\"menu-item menu-item-type-post_type menu-item-object-page menu-item-19241\"><a href=\"https:\/\/fvo.si\/en\/authorities-and-committees\/\" class=\"elementor-item\" tabindex=\"-1\">Authorities and committees<\/a><\/li>\n<li class=\"menu-item menu-item-type-post_type menu-item-object-page menu-item-19273\"><a href=\"https:\/\/fvo.si\/en\/location\/\" class=\"elementor-item\" tabindex=\"-1\">Location<\/a><\/li>\n<li class=\"menu-item menu-item-type-post_type menu-item-object-page menu-item-19280\"><a href=\"https:\/\/fvo.si\/en\/partners\/\" class=\"elementor-item\" tabindex=\"-1\">Partners<\/a><\/li>\n<li class=\"menu-item menu-item-type-post_type menu-item-object-page menu-item-19262\"><a href=\"https:\/\/fvo.si\/en\/virtual-presentation\/\" class=\"elementor-item\" tabindex=\"-1\">Virtual presentation<\/a><\/li>\n<li class=\"menu-item menu-item-type-post_type menu-item-object-page menu-item-19209\"><a href=\"https:\/\/fvo.si\/en\/others-about-us\/\" class=\"elementor-item\" tabindex=\"-1\">Others about us<\/a><\/li>\n<\/ul>\t\t\t<\/nav>\n\t\t\t\t\t\t<\/div>\n\t\t\t\t<\/div>\n\t\t\t\t\t<\/div>\n\t\t<\/div>\n\t\t\t\t\t<\/div>\n\t\t<\/section>\n\t\t\t\t<\/div>\n\t\t","protected":false},"excerpt":{"rendered":"<p>Fakulteta za varstvo okolja Fakulteta za varstvo okolja s sede\u017eem v Velenju je edini visoko\u0161olski zavod v slovenskem prostoru, ki interdisciplinarno deluje na podro\u010dju okoljevarstvenih ved v naj\u0161ir\u0161em pomenu besede ter ponuja visoko\u0161olski \u0161tudijski program in magistrski \u0161tudijski program na &hellip; <\/p>\n","protected":false},"author":1,"featured_media":0,"parent":0,"menu_order":0,"comment_status":"closed","ping_status":"closed","template":"","meta":{"cybocfi_hide_featured_image":"","footnotes":""},"class_list":["post-19267","page","type-page","status-publish","hentry"],"yoast_head":"<!-- This site is optimized with the Yoast SEO plugin v27.3 - https:\/\/yoast.com\/product\/yoast-seo-wordpress\/ -->\n<title>Lokacija - FVO<\/title>\n<meta name=\"robots\" content=\"index, follow, max-snippet:-1, max-image-preview:large, max-video-preview:-1\" \/>\n<link rel=\"canonical\" href=\"https:\/\/fvo.si\/en\/lokacija\/\" \/>\n<meta property=\"og:locale\" content=\"en_US\" \/>\n<meta property=\"og:type\" content=\"article\" \/>\n<meta property=\"og:title\" content=\"Lokacija - FVO\" \/>\n<meta property=\"og:description\" content=\"Fakulteta za varstvo okolja Fakulteta za varstvo okolja s sede\u017eem v Velenju je edini visoko\u0161olski zavod v slovenskem prostoru, ki interdisciplinarno deluje na podro\u010dju okoljevarstvenih ved v naj\u0161ir\u0161em pomenu besede ter ponuja visoko\u0161olski \u0161tudijski program in magistrski \u0161tudijski program na &hellip;\" \/>\n<meta property=\"og:url\" content=\"https:\/\/fvo.si\/en\/lokacija\/\" \/>\n<meta property=\"og:site_name\" content=\"FVO\" \/>\n<meta property=\"article:publisher\" content=\"https:\/\/www.facebook.com\/fakulteta.za.varstvo.okolja\/\" \/>\n<meta property=\"og:image\" content=\"https:\/\/fvo.si\/wp-content\/uploads\/2023\/05\/FVO_net_5.jpg\" \/>\n\t<meta property=\"og:image:width\" content=\"1920\" \/>\n\t<meta property=\"og:image:height\" content=\"1080\" \/>\n\t<meta property=\"og:image:type\" content=\"image\/jpeg\" \/>\n<meta name=\"twitter:card\" content=\"summary_large_image\" \/>\n<meta name=\"twitter:label1\" content=\"Est. reading time\" \/>\n\t<meta name=\"twitter:data1\" content=\"2 minutes\" \/>\n<script type=\"application\/ld+json\" class=\"yoast-schema-graph\">{\"@context\":\"https:\\\/\\\/schema.org\",\"@graph\":[{\"@type\":\"WebPage\",\"@id\":\"https:\\\/\\\/fvo.si\\\/en\\\/lokacija\\\/\",\"url\":\"https:\\\/\\\/fvo.si\\\/en\\\/lokacija\\\/\",\"name\":\"Lokacija - FVO\",\"isPartOf\":{\"@id\":\"https:\\\/\\\/fvo.si\\\/en\\\/#website\"},\"primaryImageOfPage\":{\"@id\":\"https:\\\/\\\/fvo.si\\\/en\\\/lokacija\\\/#primaryimage\"},\"image\":{\"@id\":\"https:\\\/\\\/fvo.si\\\/en\\\/lokacija\\\/#primaryimage\"},\"thumbnailUrl\":\"https:\\\/\\\/fvo.si\\\/wp-content\\\/uploads\\\/2023\\\/05\\\/FVO_net_5.jpg\",\"datePublished\":\"2023-10-26T10:00:27+00:00\",\"breadcrumb\":{\"@id\":\"https:\\\/\\\/fvo.si\\\/en\\\/lokacija\\\/#breadcrumb\"},\"inLanguage\":\"en-US\",\"potentialAction\":[{\"@type\":\"ReadAction\",\"target\":[\"https:\\\/\\\/fvo.si\\\/en\\\/lokacija\\\/\"]}]},{\"@type\":\"ImageObject\",\"inLanguage\":\"en-US\",\"@id\":\"https:\\\/\\\/fvo.si\\\/en\\\/lokacija\\\/#primaryimage\",\"url\":\"https:\\\/\\\/fvo.si\\\/wp-content\\\/uploads\\\/2023\\\/05\\\/FVO_net_5.jpg\",\"contentUrl\":\"https:\\\/\\\/fvo.si\\\/wp-content\\\/uploads\\\/2023\\\/05\\\/FVO_net_5.jpg\"},{\"@type\":\"BreadcrumbList\",\"@id\":\"https:\\\/\\\/fvo.si\\\/en\\\/lokacija\\\/#breadcrumb\",\"itemListElement\":[{\"@type\":\"ListItem\",\"position\":1,\"name\":\"Home\",\"item\":\"https:\\\/\\\/fvo.si\\\/en\\\/\"},{\"@type\":\"ListItem\",\"position\":2,\"name\":\"Lokacija\"}]},{\"@type\":\"WebSite\",\"@id\":\"https:\\\/\\\/fvo.si\\\/en\\\/#website\",\"url\":\"https:\\\/\\\/fvo.si\\\/en\\\/\",\"name\":\"FVO\",\"description\":\"Fakulteta za varstvo okolja Velenje\",\"publisher\":{\"@id\":\"https:\\\/\\\/fvo.si\\\/en\\\/#organization\"},\"potentialAction\":[{\"@type\":\"SearchAction\",\"target\":{\"@type\":\"EntryPoint\",\"urlTemplate\":\"https:\\\/\\\/fvo.si\\\/en\\\/?s={search_term_string}\"},\"query-input\":{\"@type\":\"PropertyValueSpecification\",\"valueRequired\":true,\"valueName\":\"search_term_string\"}}],\"inLanguage\":\"en-US\"},{\"@type\":\"Organization\",\"@id\":\"https:\\\/\\\/fvo.si\\\/en\\\/#organization\",\"name\":\"FVO\",\"url\":\"https:\\\/\\\/fvo.si\\\/en\\\/\",\"logo\":{\"@type\":\"ImageObject\",\"inLanguage\":\"en-US\",\"@id\":\"https:\\\/\\\/fvo.si\\\/en\\\/#\\\/schema\\\/logo\\\/image\\\/\",\"url\":\"https:\\\/\\\/fvo.si\\\/wp-content\\\/uploads\\\/2023\\\/06\\\/FVO_logo_sticky.svg\",\"contentUrl\":\"https:\\\/\\\/fvo.si\\\/wp-content\\\/uploads\\\/2023\\\/06\\\/FVO_logo_sticky.svg\",\"width\":240,\"height\":114,\"caption\":\"FVO\"},\"image\":{\"@id\":\"https:\\\/\\\/fvo.si\\\/en\\\/#\\\/schema\\\/logo\\\/image\\\/\"},\"sameAs\":[\"https:\\\/\\\/www.facebook.com\\\/fakulteta.za.varstvo.okolja\\\/\",\"https:\\\/\\\/www.instagram.com\\\/fakulteta.za.varstvo.okolja\\\/\"]}]}<\/script>\n<!-- \/ Yoast SEO plugin. -->","yoast_head_json":{"title":"Lokacija - FVO","robots":{"index":"index","follow":"follow","max-snippet":"max-snippet:-1","max-image-preview":"max-image-preview:large","max-video-preview":"max-video-preview:-1"},"canonical":"https:\/\/fvo.si\/en\/lokacija\/","og_locale":"en_US","og_type":"article","og_title":"Lokacija - FVO","og_description":"Fakulteta za varstvo okolja Fakulteta za varstvo okolja s sede\u017eem v Velenju je edini visoko\u0161olski zavod v slovenskem prostoru, ki interdisciplinarno deluje na podro\u010dju okoljevarstvenih ved v naj\u0161ir\u0161em pomenu besede ter ponuja visoko\u0161olski \u0161tudijski program in magistrski \u0161tudijski program na &hellip;","og_url":"https:\/\/fvo.si\/en\/lokacija\/","og_site_name":"FVO","article_publisher":"https:\/\/www.facebook.com\/fakulteta.za.varstvo.okolja\/","og_image":[{"width":1920,"height":1080,"url":"https:\/\/fvo.si\/wp-content\/uploads\/2023\/05\/FVO_net_5.jpg","type":"image\/jpeg"}],"twitter_card":"summary_large_image","twitter_misc":{"Est. reading time":"2 minutes"},"schema":{"@context":"https:\/\/schema.org","@graph":[{"@type":"WebPage","@id":"https:\/\/fvo.si\/en\/lokacija\/","url":"https:\/\/fvo.si\/en\/lokacija\/","name":"Lokacija - FVO","isPartOf":{"@id":"https:\/\/fvo.si\/en\/#website"},"primaryImageOfPage":{"@id":"https:\/\/fvo.si\/en\/lokacija\/#primaryimage"},"image":{"@id":"https:\/\/fvo.si\/en\/lokacija\/#primaryimage"},"thumbnailUrl":"https:\/\/fvo.si\/wp-content\/uploads\/2023\/05\/FVO_net_5.jpg","datePublished":"2023-10-26T10:00:27+00:00","breadcrumb":{"@id":"https:\/\/fvo.si\/en\/lokacija\/#breadcrumb"},"inLanguage":"en-US","potentialAction":[{"@type":"ReadAction","target":["https:\/\/fvo.si\/en\/lokacija\/"]}]},{"@type":"ImageObject","inLanguage":"en-US","@id":"https:\/\/fvo.si\/en\/lokacija\/#primaryimage","url":"https:\/\/fvo.si\/wp-content\/uploads\/2023\/05\/FVO_net_5.jpg","contentUrl":"https:\/\/fvo.si\/wp-content\/uploads\/2023\/05\/FVO_net_5.jpg"},{"@type":"BreadcrumbList","@id":"https:\/\/fvo.si\/en\/lokacija\/#breadcrumb","itemListElement":[{"@type":"ListItem","position":1,"name":"Home","item":"https:\/\/fvo.si\/en\/"},{"@type":"ListItem","position":2,"name":"Lokacija"}]},{"@type":"WebSite","@id":"https:\/\/fvo.si\/en\/#website","url":"https:\/\/fvo.si\/en\/","name":"FVO","description":"Fakulteta za varstvo okolja Velenje","publisher":{"@id":"https:\/\/fvo.si\/en\/#organization"},"potentialAction":[{"@type":"SearchAction","target":{"@type":"EntryPoint","urlTemplate":"https:\/\/fvo.si\/en\/?s={search_term_string}"},"query-input":{"@type":"PropertyValueSpecification","valueRequired":true,"valueName":"search_term_string"}}],"inLanguage":"en-US"},{"@type":"Organization","@id":"https:\/\/fvo.si\/en\/#organization","name":"FVO","url":"https:\/\/fvo.si\/en\/","logo":{"@type":"ImageObject","inLanguage":"en-US","@id":"https:\/\/fvo.si\/en\/#\/schema\/logo\/image\/","url":"https:\/\/fvo.si\/wp-content\/uploads\/2023\/06\/FVO_logo_sticky.svg","contentUrl":"https:\/\/fvo.si\/wp-content\/uploads\/2023\/06\/FVO_logo_sticky.svg","width":240,"height":114,"caption":"FVO"},"image":{"@id":"https:\/\/fvo.si\/en\/#\/schema\/logo\/image\/"},"sameAs":["https:\/\/www.facebook.com\/fakulteta.za.varstvo.okolja\/","https:\/\/www.instagram.com\/fakulteta.za.varstvo.okolja\/"]}]}},"_links":{"self":[{"href":"https:\/\/fvo.si\/en\/wp-json\/wp\/v2\/pages\/19267","targetHints":{"allow":["GET"]}}],"collection":[{"href":"https:\/\/fvo.si\/en\/wp-json\/wp\/v2\/pages"}],"about":[{"href":"https:\/\/fvo.si\/en\/wp-json\/wp\/v2\/types\/page"}],"author":[{"embeddable":true,"href":"https:\/\/fvo.si\/en\/wp-json\/wp\/v2\/users\/1"}],"replies":[{"embeddable":true,"href":"https:\/\/fvo.si\/en\/wp-json\/wp\/v2\/comments?post=19267"}],"version-history":[{"count":0,"href":"https:\/\/fvo.si\/en\/wp-json\/wp\/v2\/pages\/19267\/revisions"}],"wp:attachment":[{"href":"https:\/\/fvo.si\/en\/wp-json\/wp\/v2\/media?parent=19267"}],"curies":[{"name":"wp","href":"https:\/\/api.w.org\/{rel}","templated":true}]}}