{"id":19225,"date":"2023-03-04T11:07:29","date_gmt":"2023-03-04T10:07:29","guid":{"rendered":"https:\/\/fvo.si\/?page_id=19225"},"modified":"2023-10-25T17:20:31","modified_gmt":"2023-10-25T15:20:31","slug":"shop","status":"publish","type":"page","link":"https:\/\/fvo.si\/en\/shop\/","title":{"rendered":"Shop"},"content":{"rendered":"\t\t<div data-elementor-type=\"wp-page\" data-elementor-id=\"19225\" class=\"elementor elementor-19225 elementor-14701\" data-elementor-post-type=\"page\">\n\t\t\t\t\t\t<section class=\"elementor-section elementor-top-section elementor-element elementor-element-790b1e3f elementor-section-stretched elementor-reverse-tablet elementor-reverse-mobile elementor-section-boxed elementor-section-height-default elementor-section-height-default\" data-id=\"790b1e3f\" data-element_type=\"section\" data-e-type=\"section\" data-settings=\"{&quot;stretch_section&quot;:&quot;section-stretched&quot;}\">\n\t\t\t\t\t\t<div class=\"elementor-container elementor-column-gap-custom\">\n\t\t\t\t\t<div class=\"elementor-column elementor-col-50 elementor-top-column elementor-element elementor-element-5c25dd31\" data-id=\"5c25dd31\" data-element_type=\"column\" data-e-type=\"column\">\n\t\t\t<div class=\"elementor-widget-wrap elementor-element-populated\">\n\t\t\t\t\t\t<div class=\"elementor-element elementor-element-519623c0 elementor-widget__width-initial elementor-widget thim-ekits-heading elementor-widget-thim-heading\" data-id=\"519623c0\" data-element_type=\"widget\" data-e-type=\"widget\" data-widget_type=\"thim-heading.default\">\n\t\t\t\t<div class=\"elementor-widget-container\">\n\t\t\t\t\t<div class=\"sc_heading\"><h3 class=\"title\">Information <\/h3><\/div>\t\t\t\t<\/div>\n\t\t\t\t<\/div>\n\t\t\t\t<div class=\"elementor-element elementor-element-4c2d5a6 elementor-widget elementor-widget-text-editor\" data-id=\"4c2d5a6\" data-element_type=\"widget\" data-e-type=\"widget\" data-widget_type=\"text-editor.default\">\n\t\t\t\t<div class=\"elementor-widget-container\">\n\t\t\t\t\t\t\t\t\t<p>Books can be purchased in paper for student affairs during office hours, or subscribe to:<\/p><p><strong>E-mail:<\/strong> <a href=\"mailto:info@fvo.si\">info@fvo.si<\/a><br \/><strong>Phone:<\/strong> <a href=\"tel:038986410\">03\/898 64 10<\/a><br \/><strong>Address:<\/strong> Trg mladosti 7, 3320 Velenje<\/p>\t\t\t\t\t\t\t\t<\/div>\n\t\t\t\t<\/div>\n\t\t\t\t<div class=\"elementor-element elementor-element-08aea30 elementor-widget-divider--view-line elementor-widget elementor-widget-divider\" data-id=\"08aea30\" data-element_type=\"widget\" data-e-type=\"widget\" data-widget_type=\"divider.default\">\n\t\t\t\t<div class=\"elementor-widget-container\">\n\t\t\t\t\t\t\t<div class=\"elementor-divider\">\n\t\t\t<span class=\"elementor-divider-separator\">\n\t\t\t\t\t\t<\/span>\n\t\t<\/div>\n\t\t\t\t\t\t<\/div>\n\t\t\t\t<\/div>\n\t\t\t\t<div class=\"elementor-element elementor-element-15cf68e elementor-widget__width-initial elementor-widget thim-ekits-heading elementor-widget-thim-heading\" data-id=\"15cf68e\" data-element_type=\"widget\" data-e-type=\"widget\" data-widget_type=\"thim-heading.default\">\n\t\t\t\t<div class=\"elementor-widget-container\">\n\t\t\t\t\t<div class=\"sc_heading\"><h3 class=\"title\">Prices <\/h3><\/div>\t\t\t\t<\/div>\n\t\t\t\t<\/div>\n\t\t\t\t<div class=\"elementor-element elementor-element-b1af136 elementor-widget elementor-widget-text-editor\" data-id=\"b1af136\" data-element_type=\"widget\" data-e-type=\"widget\" data-widget_type=\"text-editor.default\">\n\t\t\t\t<div class=\"elementor-widget-container\">\n\t\t\t\t\t\t\t\t\t<p><a href=\"https:\/\/fvo.si\/wp-content\/uploads\/2015\/05\/Sonaravno-vrednotenje.jpg\">\u0160peh Natalija: Sonaravno vrednotenje pokrajine na primeru \u0160ale\u0161ke doline; Velenje: V\u0160VO, 2009<\/a>\u00a0 <strong>(15,00 \u20ac)<\/strong><br \/>\u00a0<br \/><a href=\"https:\/\/fvo.si\/wp-content\/uploads\/2015\/05\/%C4%8Ci%C5%A1%C4%8Denje-odpadnih-voda.jpg\">Ro\u0161 Milenko, Zupan\u010di\u010d D. Gregor: \u010ci\u0161\u010denje odpadnih voda; Velenje: V\u0160VO, 2010<\/a>\u00a0<br \/><strong>(20,00 \u20ac)<\/strong><br \/>\u00a0<br \/><a href=\"https:\/\/fvo.si\/wp-content\/uploads\/2015\/05\/cianobakterije-srbo..jpg\">Sedmak Bojan, Svir\u010dev Zorica: Cijanobakterije i njihovi toksini \u2013 ekolo\u0161ki i toksikolo\u0161ki rizici i cvetanje cijanobakteriji Srbiji; Velenje: V\u0160VO, 2011<\/a>\u00a0\u00a0<strong>(20,00 \u20ac)<\/strong><br \/>\u00a0<br \/><a href=\"https:\/\/fvo.si\/wp-content\/uploads\/2015\/05\/Cianobakterije.jpg\">Sedmak Bojan: Cianobakterije in njihovi toksini \u2013 kdo so, kje jih najdemo in kako darujejo?; Ljubljana:\u00a0Nacionalni in\u0161titut za biologijo, 2011<\/a>\u00a0 <strong>(14,90 \u20ac)<\/strong><br \/>\u00a0<br \/><a href=\"https:\/\/fvo.si\/wp-content\/uploads\/2015\/05\/ppt.jpg\">Ro\u0161 Milenko, Ana Aleksandra Zupan\u010di\u010d: Priprava predstavitve s pomo\u010djo orodja PowerPoint; Ljubljana: \u0160ola\u00a0retorike Ane Aleksandre Zupan\u010di\u010d in Zdravka Zupan\u010di\u010da, 2012\u00a0<\/a> <strong>(24,00 \u20ac; za \u0161tudente in sodelavce FVO (15,00 \u20ac)<\/strong><br \/>\u00a0<br \/><a href=\"https:\/\/fvo.si\/wp-content\/uploads\/2015\/05\/ang-delovni-zvezek-1.jpg\">\u010cander Katarina: English Grammer for Professional Use: Explanation, examples and exercises with answer key; Celje: Mednarodna fakulteta za dru\u017ebene in poslovne \u0161tudije, 2012<\/a>\u00a0<strong> (25,00 \u20ac; za \u0161tudente in sodelavce FVO 20,00 \u20ac)<\/strong><br \/>\u00a0<br \/><a href=\"https:\/\/fvo.si\/wp-content\/uploads\/2018\/02\/20180205_142641-1.jpg\">Ro\u0161 Milenko, Zupan\u010di\u010d D. Gregor: \u010ci\u0161\u010denje odpadnih voda, Zbirka nalog; Velenje, 2016<\/a>\u00a0 <strong>(10,00 \u20ac)<\/strong><br \/>\u00a0<br \/><a href=\"https:\/\/fvo.si\/wp-content\/uploads\/2018\/05\/Hole%C4%8Dek.jpg\">Hole\u010dek: Hrup in protihrupne tehnologije pri aparatih v doma\u010dem okolju. Velenje, 2017<\/a>\u00a0<strong>(20,00 \u20ac)<\/strong><br \/>\u00a0<br \/><a href=\"https:\/\/fvo.si\/wp-content\/uploads\/2020\/02\/Lab.-vaje.jpg\">Bubik Anja, Pipu\u0161 Goran: Kemija in okolje \u2013 Laboratorijske vaje, Velenje, 2019<\/a>\u00a0 <strong>(10,00 \u20ac)<\/strong><br \/><a href=\"https:\/\/fvo.si\/wp-content\/uploads\/2020\/02\/slika.jpg\">\u010cander Katarin: \u00a0Professional English: Environmental protection and ecotechnologies; Velenje: V\u0160VO, 2019<\/a>\u00a0 <strong>(20,00 \u20ac)<\/strong><\/p>\t\t\t\t\t\t\t\t<\/div>\n\t\t\t\t<\/div>\n\t\t\t\t<div class=\"elementor-element elementor-element-3d9dec8 elementor-widget-divider--view-line elementor-widget elementor-widget-divider\" data-id=\"3d9dec8\" data-element_type=\"widget\" data-e-type=\"widget\" data-widget_type=\"divider.default\">\n\t\t\t\t<div class=\"elementor-widget-container\">\n\t\t\t\t\t\t\t<div class=\"elementor-divider\">\n\t\t\t<span class=\"elementor-divider-separator\">\n\t\t\t\t\t\t<\/span>\n\t\t<\/div>\n\t\t\t\t\t\t<\/div>\n\t\t\t\t<\/div>\n\t\t\t\t\t<\/div>\n\t\t<\/div>\n\t\t\t\t<aside class=\"elementor-column elementor-col-50 elementor-top-column elementor-element elementor-element-2d442784\" data-id=\"2d442784\" data-element_type=\"column\" data-e-type=\"column\">\n\t\t\t<div class=\"elementor-widget-wrap elementor-element-populated\">\n\t\t\t\t\t\t\t<\/div>\n\t\t<\/aside>\n\t\t\t\t\t<\/div>\n\t\t<\/section>\n\t\t\t\t<\/div>\n\t\t","protected":false},"excerpt":{"rendered":"<p>Information Books can be purchased in paper for student affairs during office hours, or subscribe to: E-mail: info@fvo.siPhone: 03\/898 64 10Address: Trg mladosti 7, 3320 Velenje Prices \u0160peh Natalija: Sonaravno vrednotenje pokrajine na primeru \u0160ale\u0161ke doline; Velenje: V\u0160VO, 2009\u00a0 (15,00 &hellip; <\/p>\n","protected":false},"author":1,"featured_media":0,"parent":0,"menu_order":0,"comment_status":"closed","ping_status":"closed","template":"","meta":{"rs_blank_template":"","rs_page_bg_color":"","slide_template_v7":"","cybocfi_hide_featured_image":"","footnotes":""},"class_list":["post-19225","page","type-page","status-publish","hentry"],"yoast_head":"<!-- This site is optimized with the Yoast SEO plugin v27.4 - https:\/\/yoast.com\/product\/yoast-seo-wordpress\/ -->\n<title>Shop - FVO<\/title>\n<meta name=\"robots\" content=\"index, follow, max-snippet:-1, max-image-preview:large, max-video-preview:-1\" \/>\n<link rel=\"canonical\" href=\"https:\/\/fvo.si\/en\/shop\/\" \/>\n<meta property=\"og:locale\" content=\"en_US\" \/>\n<meta property=\"og:type\" content=\"article\" \/>\n<meta property=\"og:title\" content=\"Shop - FVO\" \/>\n<meta property=\"og:description\" content=\"Information Books can be purchased in paper for student affairs during office hours, or subscribe to: E-mail: info@fvo.siPhone: 03\/898 64 10Address: Trg mladosti 7, 3320 Velenje Prices \u0160peh Natalija: Sonaravno vrednotenje pokrajine na primeru \u0160ale\u0161ke doline; Velenje: V\u0160VO, 2009\u00a0 (15,00 &hellip;\" \/>\n<meta property=\"og:url\" content=\"https:\/\/fvo.si\/en\/shop\/\" \/>\n<meta property=\"og:site_name\" content=\"FVO\" \/>\n<meta property=\"article:publisher\" content=\"https:\/\/www.facebook.com\/fakulteta.za.varstvo.okolja\/\" \/>\n<meta property=\"article:modified_time\" content=\"2023-10-25T15:20:31+00:00\" \/>\n<meta name=\"twitter:card\" content=\"summary_large_image\" \/>\n<meta name=\"twitter:label1\" content=\"Est. reading time\" \/>\n\t<meta name=\"twitter:data1\" content=\"1 minute\" \/>\n<script type=\"application\/ld+json\" class=\"yoast-schema-graph\">{\"@context\":\"https:\\\/\\\/schema.org\",\"@graph\":[{\"@type\":\"WebPage\",\"@id\":\"https:\\\/\\\/fvo.si\\\/en\\\/shop\\\/\",\"url\":\"https:\\\/\\\/fvo.si\\\/en\\\/shop\\\/\",\"name\":\"Shop - FVO\",\"isPartOf\":{\"@id\":\"https:\\\/\\\/fvo.si\\\/en\\\/#website\"},\"datePublished\":\"2023-03-04T10:07:29+00:00\",\"dateModified\":\"2023-10-25T15:20:31+00:00\",\"breadcrumb\":{\"@id\":\"https:\\\/\\\/fvo.si\\\/en\\\/shop\\\/#breadcrumb\"},\"inLanguage\":\"en-US\",\"potentialAction\":[{\"@type\":\"ReadAction\",\"target\":[\"https:\\\/\\\/fvo.si\\\/en\\\/shop\\\/\"]}]},{\"@type\":\"BreadcrumbList\",\"@id\":\"https:\\\/\\\/fvo.si\\\/en\\\/shop\\\/#breadcrumb\",\"itemListElement\":[{\"@type\":\"ListItem\",\"position\":1,\"name\":\"Home\",\"item\":\"https:\\\/\\\/fvo.si\\\/en\\\/\"},{\"@type\":\"ListItem\",\"position\":2,\"name\":\"Shop\"}]},{\"@type\":\"WebSite\",\"@id\":\"https:\\\/\\\/fvo.si\\\/en\\\/#website\",\"url\":\"https:\\\/\\\/fvo.si\\\/en\\\/\",\"name\":\"FVO\",\"description\":\"Fakulteta za varstvo okolja Velenje\",\"publisher\":{\"@id\":\"https:\\\/\\\/fvo.si\\\/en\\\/#organization\"},\"potentialAction\":[{\"@type\":\"SearchAction\",\"target\":{\"@type\":\"EntryPoint\",\"urlTemplate\":\"https:\\\/\\\/fvo.si\\\/en\\\/?s={search_term_string}\"},\"query-input\":{\"@type\":\"PropertyValueSpecification\",\"valueRequired\":true,\"valueName\":\"search_term_string\"}}],\"inLanguage\":\"en-US\"},{\"@type\":\"Organization\",\"@id\":\"https:\\\/\\\/fvo.si\\\/en\\\/#organization\",\"name\":\"FVO\",\"url\":\"https:\\\/\\\/fvo.si\\\/en\\\/\",\"logo\":{\"@type\":\"ImageObject\",\"inLanguage\":\"en-US\",\"@id\":\"https:\\\/\\\/fvo.si\\\/en\\\/#\\\/schema\\\/logo\\\/image\\\/\",\"url\":\"https:\\\/\\\/fvo.si\\\/wp-content\\\/uploads\\\/2023\\\/06\\\/FVO_logo_sticky.svg\",\"contentUrl\":\"https:\\\/\\\/fvo.si\\\/wp-content\\\/uploads\\\/2023\\\/06\\\/FVO_logo_sticky.svg\",\"width\":240,\"height\":114,\"caption\":\"FVO\"},\"image\":{\"@id\":\"https:\\\/\\\/fvo.si\\\/en\\\/#\\\/schema\\\/logo\\\/image\\\/\"},\"sameAs\":[\"https:\\\/\\\/www.facebook.com\\\/fakulteta.za.varstvo.okolja\\\/\",\"https:\\\/\\\/www.instagram.com\\\/fakulteta.za.varstvo.okolja\\\/\"]}]}<\/script>\n<!-- \/ Yoast SEO plugin. -->","yoast_head_json":{"title":"Shop - FVO","robots":{"index":"index","follow":"follow","max-snippet":"max-snippet:-1","max-image-preview":"max-image-preview:large","max-video-preview":"max-video-preview:-1"},"canonical":"https:\/\/fvo.si\/en\/shop\/","og_locale":"en_US","og_type":"article","og_title":"Shop - FVO","og_description":"Information Books can be purchased in paper for student affairs during office hours, or subscribe to: E-mail: info@fvo.siPhone: 03\/898 64 10Address: Trg mladosti 7, 3320 Velenje Prices \u0160peh Natalija: Sonaravno vrednotenje pokrajine na primeru \u0160ale\u0161ke doline; Velenje: V\u0160VO, 2009\u00a0 (15,00 &hellip;","og_url":"https:\/\/fvo.si\/en\/shop\/","og_site_name":"FVO","article_publisher":"https:\/\/www.facebook.com\/fakulteta.za.varstvo.okolja\/","article_modified_time":"2023-10-25T15:20:31+00:00","twitter_card":"summary_large_image","twitter_misc":{"Est. reading time":"1 minute"},"schema":{"@context":"https:\/\/schema.org","@graph":[{"@type":"WebPage","@id":"https:\/\/fvo.si\/en\/shop\/","url":"https:\/\/fvo.si\/en\/shop\/","name":"Shop - FVO","isPartOf":{"@id":"https:\/\/fvo.si\/en\/#website"},"datePublished":"2023-03-04T10:07:29+00:00","dateModified":"2023-10-25T15:20:31+00:00","breadcrumb":{"@id":"https:\/\/fvo.si\/en\/shop\/#breadcrumb"},"inLanguage":"en-US","potentialAction":[{"@type":"ReadAction","target":["https:\/\/fvo.si\/en\/shop\/"]}]},{"@type":"BreadcrumbList","@id":"https:\/\/fvo.si\/en\/shop\/#breadcrumb","itemListElement":[{"@type":"ListItem","position":1,"name":"Home","item":"https:\/\/fvo.si\/en\/"},{"@type":"ListItem","position":2,"name":"Shop"}]},{"@type":"WebSite","@id":"https:\/\/fvo.si\/en\/#website","url":"https:\/\/fvo.si\/en\/","name":"FVO","description":"Fakulteta za varstvo okolja Velenje","publisher":{"@id":"https:\/\/fvo.si\/en\/#organization"},"potentialAction":[{"@type":"SearchAction","target":{"@type":"EntryPoint","urlTemplate":"https:\/\/fvo.si\/en\/?s={search_term_string}"},"query-input":{"@type":"PropertyValueSpecification","valueRequired":true,"valueName":"search_term_string"}}],"inLanguage":"en-US"},{"@type":"Organization","@id":"https:\/\/fvo.si\/en\/#organization","name":"FVO","url":"https:\/\/fvo.si\/en\/","logo":{"@type":"ImageObject","inLanguage":"en-US","@id":"https:\/\/fvo.si\/en\/#\/schema\/logo\/image\/","url":"https:\/\/fvo.si\/wp-content\/uploads\/2023\/06\/FVO_logo_sticky.svg","contentUrl":"https:\/\/fvo.si\/wp-content\/uploads\/2023\/06\/FVO_logo_sticky.svg","width":240,"height":114,"caption":"FVO"},"image":{"@id":"https:\/\/fvo.si\/en\/#\/schema\/logo\/image\/"},"sameAs":["https:\/\/www.facebook.com\/fakulteta.za.varstvo.okolja\/","https:\/\/www.instagram.com\/fakulteta.za.varstvo.okolja\/"]}]}},"_links":{"self":[{"href":"https:\/\/fvo.si\/en\/wp-json\/wp\/v2\/pages\/19225","targetHints":{"allow":["GET"]}}],"collection":[{"href":"https:\/\/fvo.si\/en\/wp-json\/wp\/v2\/pages"}],"about":[{"href":"https:\/\/fvo.si\/en\/wp-json\/wp\/v2\/types\/page"}],"author":[{"embeddable":true,"href":"https:\/\/fvo.si\/en\/wp-json\/wp\/v2\/users\/1"}],"replies":[{"embeddable":true,"href":"https:\/\/fvo.si\/en\/wp-json\/wp\/v2\/comments?post=19225"}],"version-history":[{"count":0,"href":"https:\/\/fvo.si\/en\/wp-json\/wp\/v2\/pages\/19225\/revisions"}],"wp:attachment":[{"href":"https:\/\/fvo.si\/en\/wp-json\/wp\/v2\/media?parent=19225"}],"curies":[{"name":"wp","href":"https:\/\/api.w.org\/{rel}","templated":true}]}}