{"id":19221,"date":"2023-03-04T11:05:22","date_gmt":"2023-03-04T10:05:22","guid":{"rendered":"https:\/\/fvo.si\/?page_id=19221"},"modified":"2023-10-25T16:23:53","modified_gmt":"2023-10-25T14:23:53","slug":"library","status":"publish","type":"page","link":"https:\/\/fvo.si\/en\/library\/","title":{"rendered":"Library"},"content":{"rendered":"\t\t<div data-elementor-type=\"wp-page\" data-elementor-id=\"19221\" class=\"elementor elementor-19221 elementor-14697\" data-elementor-post-type=\"page\">\n\t\t\t\t\t\t<section class=\"elementor-section elementor-top-section elementor-element elementor-element-790b1e3f elementor-section-stretched elementor-reverse-tablet elementor-reverse-mobile elementor-section-boxed elementor-section-height-default elementor-section-height-default\" data-id=\"790b1e3f\" data-element_type=\"section\" data-e-type=\"section\" data-settings=\"{&quot;stretch_section&quot;:&quot;section-stretched&quot;}\">\n\t\t\t\t\t\t<div class=\"elementor-container elementor-column-gap-custom\">\n\t\t\t\t\t<div class=\"elementor-column elementor-col-50 elementor-top-column elementor-element elementor-element-5c25dd31\" data-id=\"5c25dd31\" data-element_type=\"column\" data-e-type=\"column\">\n\t\t\t<div class=\"elementor-widget-wrap elementor-element-populated\">\n\t\t\t\t\t\t<div class=\"elementor-element elementor-element-519623c0 elementor-widget__width-initial elementor-widget thim-ekits-heading elementor-widget-thim-heading\" data-id=\"519623c0\" data-element_type=\"widget\" data-e-type=\"widget\" data-widget_type=\"thim-heading.default\">\n\t\t\t\t<div class=\"elementor-widget-container\">\n\t\t\t\t\t<div class=\"sc_heading\"><h3 class=\"title\">Information <\/h3><\/div>\t\t\t\t<\/div>\n\t\t\t\t<\/div>\n\t\t\t\t<div class=\"elementor-element elementor-element-4c2d5a6 elementor-widget elementor-widget-text-editor\" data-id=\"4c2d5a6\" data-element_type=\"widget\" data-e-type=\"widget\" data-widget_type=\"text-editor.default\">\n\t\t\t\t<div class=\"elementor-widget-container\">\n\t\t\t\t\t\t\t\t\t<ul><li><a href=\"https:\/\/knj.scv.si\" target=\"_blank\" rel=\"noopener\">Library School Centre Velenje<\/a><\/li><li><a href=\"https:\/\/www.knjiznica-velenje.si\" target=\"_blank\" rel=\"noopener\">Library Velenje<\/a><\/li><li><a href=\"https:\/\/www.knjiznica-celje.si\" target=\"_blank\" rel=\"noopener\">Central Library Celje<\/a><\/li><\/ul><p><strong>Delovni \u010das knji\u017enice \u0160C Velenje<\/strong><\/p><ul><li>pon, tor, sre: 7.00 \u2013 16.00<\/li><li>\u010det, pet: 7.00 \u2013 15.00<\/li><\/ul>\t\t\t\t\t\t\t\t<\/div>\n\t\t\t\t<\/div>\n\t\t\t\t<div class=\"elementor-element elementor-element-3398d72 elementor-widget-divider--view-line elementor-widget elementor-widget-divider\" data-id=\"3398d72\" data-element_type=\"widget\" data-e-type=\"widget\" data-widget_type=\"divider.default\">\n\t\t\t\t<div class=\"elementor-widget-container\">\n\t\t\t\t\t\t\t<div class=\"elementor-divider\">\n\t\t\t<span class=\"elementor-divider-separator\">\n\t\t\t\t\t\t<\/span>\n\t\t<\/div>\n\t\t\t\t\t\t<\/div>\n\t\t\t\t<\/div>\n\t\t\t\t<div class=\"elementor-element elementor-element-9a1255d elementor-widget__width-initial elementor-widget thim-ekits-heading elementor-widget-thim-heading\" data-id=\"9a1255d\" data-element_type=\"widget\" data-e-type=\"widget\" data-widget_type=\"thim-heading.default\">\n\t\t\t\t<div class=\"elementor-widget-container\">\n\t\t\t\t\t<div class=\"sc_heading\"><h3 class=\"title\">New arrivals <\/h3><\/div>\t\t\t\t<\/div>\n\t\t\t\t<\/div>\n\t\t\t\t<div class=\"elementor-element elementor-element-b6209df elementor-widget elementor-widget-text-editor\" data-id=\"b6209df\" data-element_type=\"widget\" data-e-type=\"widget\" data-widget_type=\"text-editor.default\">\n\t\t\t\t<div class=\"elementor-widget-container\">\n\t\t\t\t\t\t\t\t\t<ul><li>Srakar A., Sharma B., Shekhar S. (2023). Biodegradability of Conventional Plastics. Anglija<\/li><li>Teresa A.P. Rocha-Santos, Armando C. Duarte, (2017). Characterization and Analysis of Microplastics. Anglija.<\/li><li>Loren\u010di\u010d M. (2022). To\u010dka brez vrnitve. Ljubljana.<\/li><li>Bobovnik N., Cigale D., Frelih M\u2026. (2023). Uvod v \u0161tudij geografije. Ljubljana.<\/li><li>Grahan T. (2023). Nature Conservation in Europe. UK.<\/li><li>Rob G. (2016). Dude making a difference. Kanada.<\/li><li>Jane\u0161 D., Ko\u010devar Glava\u010d N. (2015). Modern cosmetics. Ljubljana.<\/li><li>Vrhov\u0161ek D. (1985). Sladkovodne alge. Ljubljana<\/li><li>Hester T. (2021). Wallet Activism. Dalas.<\/li><li>Clarence J. Glacken (1997). Traces on the Rhodian Shore. London.<\/li><li>U. Kirschbaum, V. Wirth (1997). Flechten erkennen, Luftgute bestimmen. Stuttgart.<\/li><li>V. Wirth (1995). Flechtenflora. Stuttgart.<\/li><li>V. Wirth. R. Dull, S.Caspari (2000). Ulmers Taschenatlas. Stuttgart.<\/li><li>U. Kirschbaum, V. Wirth (1997). Flechten erkennen, Luftgute bestimmen. Stuttgart.<\/li><li>V. Wirth (1995). Flechtenflora. Stuttgart.<\/li><li>V. Wirth. R. Dull, S.Caspari (2000). Ulmers Taschenatlas. Stuttgart.<\/li><li>Obrazi geologije, 2021. Ljubljana. (2x)<\/li><li>Regionalni razvoj v\u010deraj, danes, jutri, 2021. Ljubljana.<\/li><li>U. Hrastnik, A. Koren (2018). Prav poseben zaklad. Ljubljana.<\/li><li>Savinjska \u017eeleznica 1981-2021, 2021. \u0160martno ob Paki.<\/li><li>D. McAnulty (2021). Dnevnik mladega raziskovalca. Ljubljana.<\/li><li>D. Ka\u0161trun (2021). \u017dabci. Ljubljana.<\/li><li>Wilson &amp; Wilsons (2015). Comprehensive analytical chemistry. London.<\/li><li>M. N. V. Prasad, M. Vithanage, . Kapley (2019). Mharmaceuticals and Personal Care Products: Waste Management and Treatment Technology. Anglija.<\/li><li>Reproductive and Developmental Toxicology, 2017. London.<\/li><\/ul>\t\t\t\t\t\t\t\t<\/div>\n\t\t\t\t<\/div>\n\t\t\t\t\t<\/div>\n\t\t<\/div>\n\t\t\t\t<aside class=\"elementor-column elementor-col-50 elementor-top-column elementor-element elementor-element-2d442784\" data-id=\"2d442784\" data-element_type=\"column\" data-e-type=\"column\">\n\t\t\t<div class=\"elementor-widget-wrap elementor-element-populated\">\n\t\t\t\t\t\t\t<\/div>\n\t\t<\/aside>\n\t\t\t\t\t<\/div>\n\t\t<\/section>\n\t\t\t\t<\/div>\n\t\t","protected":false},"excerpt":{"rendered":"<p>Information Library School Centre Velenje Library Velenje Central Library Celje Delovni \u010das knji\u017enice \u0160C Velenje pon, tor, sre: 7.00 \u2013 16.00 \u010det, pet: 7.00 \u2013 15.00 New arrivals Srakar A., Sharma B., Shekhar S. (2023). Biodegradability of Conventional Plastics. Anglija &hellip; <\/p>\n","protected":false},"author":1,"featured_media":0,"parent":0,"menu_order":0,"comment_status":"closed","ping_status":"closed","template":"","meta":{"rs_blank_template":"","rs_page_bg_color":"","slide_template_v7":"","cybocfi_hide_featured_image":"","footnotes":""},"class_list":["post-19221","page","type-page","status-publish","hentry"],"yoast_head":"<!-- This site is optimized with the Yoast SEO plugin v27.4 - https:\/\/yoast.com\/product\/yoast-seo-wordpress\/ -->\n<title>Library - FVO<\/title>\n<meta name=\"robots\" content=\"index, follow, max-snippet:-1, max-image-preview:large, max-video-preview:-1\" \/>\n<link rel=\"canonical\" href=\"https:\/\/fvo.si\/en\/library\/\" \/>\n<meta property=\"og:locale\" content=\"en_US\" \/>\n<meta property=\"og:type\" content=\"article\" \/>\n<meta property=\"og:title\" content=\"Library - FVO\" \/>\n<meta property=\"og:description\" content=\"Information Library School Centre Velenje Library Velenje Central Library Celje Delovni \u010das knji\u017enice \u0160C Velenje pon, tor, sre: 7.00 \u2013 16.00 \u010det, pet: 7.00 \u2013 15.00 New arrivals Srakar A., Sharma B., Shekhar S. (2023). Biodegradability of Conventional Plastics. Anglija &hellip;\" \/>\n<meta property=\"og:url\" content=\"https:\/\/fvo.si\/en\/library\/\" \/>\n<meta property=\"og:site_name\" content=\"FVO\" \/>\n<meta property=\"article:publisher\" content=\"https:\/\/www.facebook.com\/fakulteta.za.varstvo.okolja\/\" \/>\n<meta property=\"article:modified_time\" content=\"2023-10-25T14:23:53+00:00\" \/>\n<meta name=\"twitter:card\" content=\"summary_large_image\" \/>\n<meta name=\"twitter:label1\" content=\"Est. reading time\" \/>\n\t<meta name=\"twitter:data1\" content=\"1 minute\" \/>\n<script type=\"application\/ld+json\" class=\"yoast-schema-graph\">{\"@context\":\"https:\\\/\\\/schema.org\",\"@graph\":[{\"@type\":\"WebPage\",\"@id\":\"https:\\\/\\\/fvo.si\\\/en\\\/library\\\/\",\"url\":\"https:\\\/\\\/fvo.si\\\/en\\\/library\\\/\",\"name\":\"Library - FVO\",\"isPartOf\":{\"@id\":\"https:\\\/\\\/fvo.si\\\/en\\\/#website\"},\"datePublished\":\"2023-03-04T10:05:22+00:00\",\"dateModified\":\"2023-10-25T14:23:53+00:00\",\"breadcrumb\":{\"@id\":\"https:\\\/\\\/fvo.si\\\/en\\\/library\\\/#breadcrumb\"},\"inLanguage\":\"en-US\",\"potentialAction\":[{\"@type\":\"ReadAction\",\"target\":[\"https:\\\/\\\/fvo.si\\\/en\\\/library\\\/\"]}]},{\"@type\":\"BreadcrumbList\",\"@id\":\"https:\\\/\\\/fvo.si\\\/en\\\/library\\\/#breadcrumb\",\"itemListElement\":[{\"@type\":\"ListItem\",\"position\":1,\"name\":\"Home\",\"item\":\"https:\\\/\\\/fvo.si\\\/en\\\/\"},{\"@type\":\"ListItem\",\"position\":2,\"name\":\"Library\"}]},{\"@type\":\"WebSite\",\"@id\":\"https:\\\/\\\/fvo.si\\\/en\\\/#website\",\"url\":\"https:\\\/\\\/fvo.si\\\/en\\\/\",\"name\":\"FVO\",\"description\":\"Fakulteta za varstvo okolja Velenje\",\"publisher\":{\"@id\":\"https:\\\/\\\/fvo.si\\\/en\\\/#organization\"},\"potentialAction\":[{\"@type\":\"SearchAction\",\"target\":{\"@type\":\"EntryPoint\",\"urlTemplate\":\"https:\\\/\\\/fvo.si\\\/en\\\/?s={search_term_string}\"},\"query-input\":{\"@type\":\"PropertyValueSpecification\",\"valueRequired\":true,\"valueName\":\"search_term_string\"}}],\"inLanguage\":\"en-US\"},{\"@type\":\"Organization\",\"@id\":\"https:\\\/\\\/fvo.si\\\/en\\\/#organization\",\"name\":\"FVO\",\"url\":\"https:\\\/\\\/fvo.si\\\/en\\\/\",\"logo\":{\"@type\":\"ImageObject\",\"inLanguage\":\"en-US\",\"@id\":\"https:\\\/\\\/fvo.si\\\/en\\\/#\\\/schema\\\/logo\\\/image\\\/\",\"url\":\"https:\\\/\\\/fvo.si\\\/wp-content\\\/uploads\\\/2023\\\/06\\\/FVO_logo_sticky.svg\",\"contentUrl\":\"https:\\\/\\\/fvo.si\\\/wp-content\\\/uploads\\\/2023\\\/06\\\/FVO_logo_sticky.svg\",\"width\":240,\"height\":114,\"caption\":\"FVO\"},\"image\":{\"@id\":\"https:\\\/\\\/fvo.si\\\/en\\\/#\\\/schema\\\/logo\\\/image\\\/\"},\"sameAs\":[\"https:\\\/\\\/www.facebook.com\\\/fakulteta.za.varstvo.okolja\\\/\",\"https:\\\/\\\/www.instagram.com\\\/fakulteta.za.varstvo.okolja\\\/\"]}]}<\/script>\n<!-- \/ Yoast SEO plugin. -->","yoast_head_json":{"title":"Library - FVO","robots":{"index":"index","follow":"follow","max-snippet":"max-snippet:-1","max-image-preview":"max-image-preview:large","max-video-preview":"max-video-preview:-1"},"canonical":"https:\/\/fvo.si\/en\/library\/","og_locale":"en_US","og_type":"article","og_title":"Library - FVO","og_description":"Information Library School Centre Velenje Library Velenje Central Library Celje Delovni \u010das knji\u017enice \u0160C Velenje pon, tor, sre: 7.00 \u2013 16.00 \u010det, pet: 7.00 \u2013 15.00 New arrivals Srakar A., Sharma B., Shekhar S. (2023). Biodegradability of Conventional Plastics. Anglija &hellip;","og_url":"https:\/\/fvo.si\/en\/library\/","og_site_name":"FVO","article_publisher":"https:\/\/www.facebook.com\/fakulteta.za.varstvo.okolja\/","article_modified_time":"2023-10-25T14:23:53+00:00","twitter_card":"summary_large_image","twitter_misc":{"Est. reading time":"1 minute"},"schema":{"@context":"https:\/\/schema.org","@graph":[{"@type":"WebPage","@id":"https:\/\/fvo.si\/en\/library\/","url":"https:\/\/fvo.si\/en\/library\/","name":"Library - FVO","isPartOf":{"@id":"https:\/\/fvo.si\/en\/#website"},"datePublished":"2023-03-04T10:05:22+00:00","dateModified":"2023-10-25T14:23:53+00:00","breadcrumb":{"@id":"https:\/\/fvo.si\/en\/library\/#breadcrumb"},"inLanguage":"en-US","potentialAction":[{"@type":"ReadAction","target":["https:\/\/fvo.si\/en\/library\/"]}]},{"@type":"BreadcrumbList","@id":"https:\/\/fvo.si\/en\/library\/#breadcrumb","itemListElement":[{"@type":"ListItem","position":1,"name":"Home","item":"https:\/\/fvo.si\/en\/"},{"@type":"ListItem","position":2,"name":"Library"}]},{"@type":"WebSite","@id":"https:\/\/fvo.si\/en\/#website","url":"https:\/\/fvo.si\/en\/","name":"FVO","description":"Fakulteta za varstvo okolja Velenje","publisher":{"@id":"https:\/\/fvo.si\/en\/#organization"},"potentialAction":[{"@type":"SearchAction","target":{"@type":"EntryPoint","urlTemplate":"https:\/\/fvo.si\/en\/?s={search_term_string}"},"query-input":{"@type":"PropertyValueSpecification","valueRequired":true,"valueName":"search_term_string"}}],"inLanguage":"en-US"},{"@type":"Organization","@id":"https:\/\/fvo.si\/en\/#organization","name":"FVO","url":"https:\/\/fvo.si\/en\/","logo":{"@type":"ImageObject","inLanguage":"en-US","@id":"https:\/\/fvo.si\/en\/#\/schema\/logo\/image\/","url":"https:\/\/fvo.si\/wp-content\/uploads\/2023\/06\/FVO_logo_sticky.svg","contentUrl":"https:\/\/fvo.si\/wp-content\/uploads\/2023\/06\/FVO_logo_sticky.svg","width":240,"height":114,"caption":"FVO"},"image":{"@id":"https:\/\/fvo.si\/en\/#\/schema\/logo\/image\/"},"sameAs":["https:\/\/www.facebook.com\/fakulteta.za.varstvo.okolja\/","https:\/\/www.instagram.com\/fakulteta.za.varstvo.okolja\/"]}]}},"_links":{"self":[{"href":"https:\/\/fvo.si\/en\/wp-json\/wp\/v2\/pages\/19221","targetHints":{"allow":["GET"]}}],"collection":[{"href":"https:\/\/fvo.si\/en\/wp-json\/wp\/v2\/pages"}],"about":[{"href":"https:\/\/fvo.si\/en\/wp-json\/wp\/v2\/types\/page"}],"author":[{"embeddable":true,"href":"https:\/\/fvo.si\/en\/wp-json\/wp\/v2\/users\/1"}],"replies":[{"embeddable":true,"href":"https:\/\/fvo.si\/en\/wp-json\/wp\/v2\/comments?post=19221"}],"version-history":[{"count":0,"href":"https:\/\/fvo.si\/en\/wp-json\/wp\/v2\/pages\/19221\/revisions"}],"wp:attachment":[{"href":"https:\/\/fvo.si\/en\/wp-json\/wp\/v2\/media?parent=19221"}],"curies":[{"name":"wp","href":"https:\/\/api.w.org\/{rel}","templated":true}]}}